{"id":10,"date":"2024-09-18T12:23:03","date_gmt":"2024-09-18T10:23:03","guid":{"rendered":"https:\/\/createchange.connectus.sk\/?page_id=10"},"modified":"2024-10-03T08:16:13","modified_gmt":"2024-10-03T06:16:13","slug":"nitra-slovakia","status":"publish","type":"page","link":"https:\/\/createchange.connectus.sk\/de\/nitra-slovakia\/","title":{"rendered":"Kick-off meeting Nitra, Slovakia"},"content":{"rendered":"<div data-elementor-type=\"wp-page\" data-elementor-id=\"10\" class=\"elementor elementor-10\" data-elementor-post-type=\"page\">\n\t\t\t\t<div class=\"elementor-element elementor-element-73e7f8e2 e-flex e-con-boxed e-con e-parent\" data-id=\"73e7f8e2\" data-element_type=\"container\">\n\t\t\t\t\t<div class=\"e-con-inner\">\n\t\t\t\t<div class=\"elementor-element elementor-element-558a26a elementor-widget elementor-widget-heading\" data-id=\"558a26a\" data-element_type=\"widget\" data-widget_type=\"heading.default\">\n\t\t\t\t<div class=\"elementor-widget-container\">\n\t\t\t\t\t<h2 class=\"elementor-heading-title elementor-size-default\">Projekt-Kick-off-Meeting<\/h2>\t\t\t\t<\/div>\n\t\t\t\t<\/div>\n\t\t\t\t<div class=\"elementor-element elementor-element-b7ec66b elementor-widget elementor-widget-heading\" data-id=\"b7ec66b\" data-element_type=\"widget\" data-widget_type=\"heading.default\">\n\t\t\t\t<div class=\"elementor-widget-container\">\n\t\t\t\t\t<h2 class=\"elementor-heading-title elementor-size-default\">Nitra, Slovakia  - April 2024<\/h2>\t\t\t\t<\/div>\n\t\t\t\t<\/div>\n\t\t\t\t<div class=\"elementor-element elementor-element-2a58f5b elementor-widget elementor-widget-text-editor\" data-id=\"2a58f5b\" data-element_type=\"widget\" data-widget_type=\"text-editor.default\">\n\t\t\t\t<div class=\"elementor-widget-container\">\n\t\t\t\t\t\t\t\t\t<p><\/p>\n<h3 class=\"wp-block-heading\"><span style=\"color: var( --e-global-color-text ); font-family: var( --e-global-typography-text-font-family ), Sans-serif; font-size: var( --e-global-typography-text-font-size ); font-weight: var( --e-global-typography-text-font-weight ); text-align: var(--text-align); background-color: var( --e-global-color-383d381 );\">Im April 2023 fand in der pulsierenden Stadt Nitra das Kick-off-Meeting f\u00fcr das Projekt \u201eCreate Change\u201c statt. Dieses Treffen markierte den offiziellen Start unserer innovativen Initiative, deren Ziel es ist, junge Menschen durch Musik zu bef\u00e4higen, den Klimawandel zu bek\u00e4mpfen. Das Treffen brachte Teilnehmer, Partner und Interessenvertreter mit unterschiedlichem Hintergrund zusammen, um die Vision, Schritte, Ziele und Zwecke des Projekts zu diskutieren.<\/span><br><\/h3>\n<p><\/p>\n<p><\/p>\n<p><strong>Wichtige Highlights:<\/strong><\/p>\n<p><\/p>\n<p><\/p>\n<ul class=\"wp-block-list\"><p><\/p>\n<li class=\"translation-block\"><strong>Umfassender Projekt\u00fcberblick:<\/strong>\u00a0Wir haben das gesamte Projekt skizziert und dabei jede Phase sowie die zur Erreichung unserer Ziele geplanten Aktivit\u00e4ten detailliert beschrieben.<\/li>\n<p><\/p>\n<p><\/p>\n<li class=\"translation-block\"><strong>Klare Ziele und Vorgaben:<\/strong>\u00a0Teilnehmer und Partner f\u00fchrten ausf\u00fchrliche Diskussionen, um unsere Ziele zu verfeinern: Verbesserung der Besch\u00e4ftigungsf\u00e4higkeit junger Menschen, F\u00f6rderung der Kreativit\u00e4t und Nutzung von Musik als Mittel zur F\u00f6rderung des Umweltschutzes.<\/li>\n<p><\/p>\n<p><\/p>\n<li class=\"translation-block\"><strong>Vielf\u00e4ltige Teilnehmer:<\/strong>\u00a0Junge Musiker, Jugendarbeiter, Umweltsch\u00fctzer und Vertreter von Partnerorganisationen arbeiteten zusammen und sorgten so f\u00fcr einen intensiven Austausch von Ideen und Perspektiven.<\/li>\n<p><\/p>\n<p><\/p>\n<li class=\"translation-block\"><strong>Bedarfsermittlung:<\/strong>\u00a0Wir haben die speziellen Bed\u00fcrfnisse unserer Zielgruppen ermittelt und uns dabei insbesondere auf junge Menschen mit geringeren Chancen konzentriert, um unsere Aktivit\u00e4ten f\u00fcr eine maximale Wirkung auszurichten.<\/li>\n<p><\/p>\n<p><\/p>\n<li class=\"translation-block\"><strong>Vorbereitung der Aktivit\u00e4ten:<\/strong>\u00a0Es wurden detaillierte Pl\u00e4ne f\u00fcr bevorstehende Workshops, Konzerte und Gemeinschaftsveranstaltungen erstellt, um eine solide Grundlage f\u00fcr den Erfolg des Projekts zu schaffen.<\/li>\n<p><\/p><\/ul>\n<p><\/p>\n<p><\/p>\n<p>Das Kick-off-Meeting in Nitra war ein entscheidender Schritt, um unsere Bem\u00fchungen zu b\u00fcndeln und unsere Strategien aufeinander abzustimmen, um sinnvolle Ver\u00e4nderungen herbeizuf\u00fchren.<\/p>\n<p><\/p>\n<p><\/p>\n<p>Bleiben Sie dran, um \u00fcber Neuigkeiten zu unseren Aktivit\u00e4ten auf dem Laufenden zu bleiben, und begleiten Sie uns auf dieser transformativen Reise!<\/p>\n<p><\/p>\n<p><\/p>\n<p>#CreateChange #MusicForClimate #YouthEmpowerment #SustainableFuture #GlobalAction<\/p>\n<p><\/p>\t\t\t\t\t\t\t\t<\/div>\n\t\t\t\t<\/div>\n\t\t\t\t<div class=\"elementor-element elementor-element-a45034a elementor-widget elementor-widget-gallery\" data-id=\"a45034a\" data-element_type=\"widget\" data-settings=\"{&quot;gallery_layout&quot;:&quot;justified&quot;,&quot;ideal_row_height&quot;:{&quot;unit&quot;:&quot;px&quot;,&quot;size&quot;:170,&quot;sizes&quot;:[]},&quot;gap&quot;:{&quot;unit&quot;:&quot;px&quot;,&quot;size&quot;:5,&quot;sizes&quot;:[]},&quot;lazyload&quot;:&quot;yes&quot;,&quot;ideal_row_height_tablet&quot;:{&quot;unit&quot;:&quot;px&quot;,&quot;size&quot;:150,&quot;sizes&quot;:[]},&quot;ideal_row_height_mobile&quot;:{&quot;unit&quot;:&quot;px&quot;,&quot;size&quot;:150,&quot;sizes&quot;:[]},&quot;gap_tablet&quot;:{&quot;unit&quot;:&quot;px&quot;,&quot;size&quot;:10,&quot;sizes&quot;:[]},&quot;gap_mobile&quot;:{&quot;unit&quot;:&quot;px&quot;,&quot;size&quot;:10,&quot;sizes&quot;:[]},&quot;link_to&quot;:&quot;file&quot;,&quot;overlay_background&quot;:&quot;yes&quot;,&quot;content_hover_animation&quot;:&quot;fade-in&quot;}\" data-widget_type=\"gallery.default\">\n\t\t\t\t<div class=\"elementor-widget-container\">\n\t\t\t\t\t\t\t<div class=\"elementor-gallery__container\">\n\t\t\t\t\t\t\t<a class=\"e-gallery-item elementor-gallery-item elementor-animated-content\" href=\"https:\/\/createchange.connectus.sk\/wp-content\/uploads\/2024\/09\/81653720-74fb-4fea-bac4-3c2254de5957-1.jpg\" data-elementor-open-lightbox=\"yes\" data-elementor-lightbox-slideshow=\"a45034a\" data-e-action-hash=\"#elementor-action%3Aaction%3Dlightbox%26settings%3DeyJpZCI6MTU2LCJ1cmwiOiJodHRwczpcL1wvY3JlYXRlY2hhbmdlLmNvbm5lY3R1cy5za1wvd3AtY29udGVudFwvdXBsb2Fkc1wvMjAyNFwvMDlcLzgxNjUzNzIwLTc0ZmItNGZlYS1iYWM0LTNjMjI1NGRlNTk1Ny0xLmpwZyIsInNsaWRlc2hvdyI6ImE0NTAzNGEifQ%3D%3D\">\n\t\t\t\t\t<div class=\"e-gallery-image elementor-gallery-item__image\" data-thumbnail=\"https:\/\/createchange.connectus.sk\/wp-content\/uploads\/2024\/09\/81653720-74fb-4fea-bac4-3c2254de5957-1-300x260.jpg\" data-width=\"300\" data-height=\"260\" aria-label=\"\" role=\"img\" ><\/div>\n\t\t\t\t\t\t\t\t\t\t\t<div class=\"elementor-gallery-item__overlay\"><\/div>\n\t\t\t\t\t\t\t\t\t\t\t\t\t\t<\/a>\n\t\t\t\t\t\t\t<a class=\"e-gallery-item elementor-gallery-item elementor-animated-content\" href=\"https:\/\/createchange.connectus.sk\/wp-content\/uploads\/2024\/10\/IMG-20230613-WA0009.jpg\" data-elementor-open-lightbox=\"yes\" data-elementor-lightbox-slideshow=\"a45034a\" data-e-action-hash=\"#elementor-action%3Aaction%3Dlightbox%26settings%3DeyJpZCI6MjM4LCJ1cmwiOiJodHRwczpcL1wvY3JlYXRlY2hhbmdlLmNvbm5lY3R1cy5za1wvd3AtY29udGVudFwvdXBsb2Fkc1wvMjAyNFwvMTBcL0lNRy0yMDIzMDYxMy1XQTAwMDkuanBnIiwic2xpZGVzaG93IjoiYTQ1MDM0YSJ9\">\n\t\t\t\t\t<div class=\"e-gallery-image elementor-gallery-item__image\" data-thumbnail=\"https:\/\/createchange.connectus.sk\/wp-content\/uploads\/2024\/10\/IMG-20230613-WA0009-225x300.jpg\" data-width=\"225\" data-height=\"300\" aria-label=\"\" role=\"img\" ><\/div>\n\t\t\t\t\t\t\t\t\t\t\t<div class=\"elementor-gallery-item__overlay\"><\/div>\n\t\t\t\t\t\t\t\t\t\t\t\t\t\t<\/a>\n\t\t\t\t\t\t\t<a class=\"e-gallery-item elementor-gallery-item elementor-animated-content\" href=\"https:\/\/createchange.connectus.sk\/wp-content\/uploads\/2024\/10\/kickoff-Nitra-SVK-2-scaled.jpg\" data-elementor-open-lightbox=\"yes\" data-elementor-lightbox-slideshow=\"a45034a\" data-e-action-hash=\"#elementor-action%3Aaction%3Dlightbox%26settings%3DeyJpZCI6Mjk3LCJ1cmwiOiJodHRwczpcL1wvY3JlYXRlY2hhbmdlLmNvbm5lY3R1cy5za1wvd3AtY29udGVudFwvdXBsb2Fkc1wvMjAyNFwvMTBcL2tpY2tvZmYtTml0cmEtU1ZLLTItc2NhbGVkLmpwZyIsInNsaWRlc2hvdyI6ImE0NTAzNGEifQ%3D%3D\">\n\t\t\t\t\t<div class=\"e-gallery-image elementor-gallery-item__image\" data-thumbnail=\"https:\/\/createchange.connectus.sk\/wp-content\/uploads\/2024\/10\/kickoff-Nitra-SVK-2-225x300.jpg\" data-width=\"225\" data-height=\"300\" aria-label=\"\" role=\"img\" ><\/div>\n\t\t\t\t\t\t\t\t\t\t\t<div class=\"elementor-gallery-item__overlay\"><\/div>\n\t\t\t\t\t\t\t\t\t\t\t\t\t\t<\/a>\n\t\t\t\t\t\t\t<a class=\"e-gallery-item elementor-gallery-item elementor-animated-content\" href=\"https:\/\/createchange.connectus.sk\/wp-content\/uploads\/2024\/10\/kickoff-Nitra-SVK-3-scaled.jpg\" data-elementor-open-lightbox=\"yes\" data-elementor-lightbox-slideshow=\"a45034a\" data-e-action-hash=\"#elementor-action%3Aaction%3Dlightbox%26settings%3DeyJpZCI6Mjk4LCJ1cmwiOiJodHRwczpcL1wvY3JlYXRlY2hhbmdlLmNvbm5lY3R1cy5za1wvd3AtY29udGVudFwvdXBsb2Fkc1wvMjAyNFwvMTBcL2tpY2tvZmYtTml0cmEtU1ZLLTMtc2NhbGVkLmpwZyIsInNsaWRlc2hvdyI6ImE0NTAzNGEifQ%3D%3D\">\n\t\t\t\t\t<div class=\"e-gallery-image elementor-gallery-item__image\" data-thumbnail=\"https:\/\/createchange.connectus.sk\/wp-content\/uploads\/2024\/10\/kickoff-Nitra-SVK-3-300x225.jpg\" data-width=\"300\" data-height=\"225\" aria-label=\"\" role=\"img\" ><\/div>\n\t\t\t\t\t\t\t\t\t\t\t<div class=\"elementor-gallery-item__overlay\"><\/div>\n\t\t\t\t\t\t\t\t\t\t\t\t\t\t<\/a>\n\t\t\t\t\t\t\t<a class=\"e-gallery-item elementor-gallery-item elementor-animated-content\" href=\"https:\/\/createchange.connectus.sk\/wp-content\/uploads\/2024\/10\/kickoff-Nitra-SVK-6-scaled.jpg\" data-elementor-open-lightbox=\"yes\" data-elementor-lightbox-slideshow=\"a45034a\" data-e-action-hash=\"#elementor-action%3Aaction%3Dlightbox%26settings%3DeyJpZCI6MzAxLCJ1cmwiOiJodHRwczpcL1wvY3JlYXRlY2hhbmdlLmNvbm5lY3R1cy5za1wvd3AtY29udGVudFwvdXBsb2Fkc1wvMjAyNFwvMTBcL2tpY2tvZmYtTml0cmEtU1ZLLTYtc2NhbGVkLmpwZyIsInNsaWRlc2hvdyI6ImE0NTAzNGEifQ%3D%3D\">\n\t\t\t\t\t<div class=\"e-gallery-image elementor-gallery-item__image\" data-thumbnail=\"https:\/\/createchange.connectus.sk\/wp-content\/uploads\/2024\/10\/kickoff-Nitra-SVK-6-300x254.jpg\" data-width=\"300\" data-height=\"254\" aria-label=\"\" role=\"img\" ><\/div>\n\t\t\t\t\t\t\t\t\t\t\t<div class=\"elementor-gallery-item__overlay\"><\/div>\n\t\t\t\t\t\t\t\t\t\t\t\t\t\t<\/a>\n\t\t\t\t\t\t\t<a class=\"e-gallery-item elementor-gallery-item elementor-animated-content\" href=\"https:\/\/createchange.connectus.sk\/wp-content\/uploads\/2024\/10\/kickoff-Nitra-SVK-4.jpg\" data-elementor-open-lightbox=\"yes\" data-elementor-lightbox-slideshow=\"a45034a\" data-e-action-hash=\"#elementor-action%3Aaction%3Dlightbox%26settings%3DeyJpZCI6Mjk5LCJ1cmwiOiJodHRwczpcL1wvY3JlYXRlY2hhbmdlLmNvbm5lY3R1cy5za1wvd3AtY29udGVudFwvdXBsb2Fkc1wvMjAyNFwvMTBcL2tpY2tvZmYtTml0cmEtU1ZLLTQuanBnIiwic2xpZGVzaG93IjoiYTQ1MDM0YSJ9\">\n\t\t\t\t\t<div class=\"e-gallery-image elementor-gallery-item__image\" data-thumbnail=\"https:\/\/createchange.connectus.sk\/wp-content\/uploads\/2024\/10\/kickoff-Nitra-SVK-4-300x223.jpg\" data-width=\"300\" data-height=\"223\" aria-label=\"\" role=\"img\" ><\/div>\n\t\t\t\t\t\t\t\t\t\t\t<div class=\"elementor-gallery-item__overlay\"><\/div>\n\t\t\t\t\t\t\t\t\t\t\t\t\t\t<\/a>\n\t\t\t\t\t\t\t<a class=\"e-gallery-item elementor-gallery-item elementor-animated-content\" href=\"https:\/\/createchange.connectus.sk\/wp-content\/uploads\/2024\/10\/kickoff-Nitra-SVK-5-scaled.jpg\" data-elementor-open-lightbox=\"yes\" data-elementor-lightbox-slideshow=\"a45034a\" data-e-action-hash=\"#elementor-action%3Aaction%3Dlightbox%26settings%3DeyJpZCI6MzAwLCJ1cmwiOiJodHRwczpcL1wvY3JlYXRlY2hhbmdlLmNvbm5lY3R1cy5za1wvd3AtY29udGVudFwvdXBsb2Fkc1wvMjAyNFwvMTBcL2tpY2tvZmYtTml0cmEtU1ZLLTUtc2NhbGVkLmpwZyIsInNsaWRlc2hvdyI6ImE0NTAzNGEifQ%3D%3D\">\n\t\t\t\t\t<div class=\"e-gallery-image elementor-gallery-item__image\" data-thumbnail=\"https:\/\/createchange.connectus.sk\/wp-content\/uploads\/2024\/10\/kickoff-Nitra-SVK-5-300x225.jpg\" data-width=\"300\" data-height=\"225\" aria-label=\"\" role=\"img\" ><\/div>\n\t\t\t\t\t\t\t\t\t\t\t<div class=\"elementor-gallery-item__overlay\"><\/div>\n\t\t\t\t\t\t\t\t\t\t\t\t\t\t<\/a>\n\t\t\t\t\t\t\t<a class=\"e-gallery-item elementor-gallery-item elementor-animated-content\" href=\"https:\/\/createchange.connectus.sk\/wp-content\/uploads\/2024\/10\/kickoff-Nitra-SVK-7-scaled.jpg\" data-elementor-open-lightbox=\"yes\" data-elementor-lightbox-slideshow=\"a45034a\" data-e-action-hash=\"#elementor-action%3Aaction%3Dlightbox%26settings%3DeyJpZCI6MzAyLCJ1cmwiOiJodHRwczpcL1wvY3JlYXRlY2hhbmdlLmNvbm5lY3R1cy5za1wvd3AtY29udGVudFwvdXBsb2Fkc1wvMjAyNFwvMTBcL2tpY2tvZmYtTml0cmEtU1ZLLTctc2NhbGVkLmpwZyIsInNsaWRlc2hvdyI6ImE0NTAzNGEifQ%3D%3D\">\n\t\t\t\t\t<div class=\"e-gallery-image elementor-gallery-item__image\" data-thumbnail=\"https:\/\/createchange.connectus.sk\/wp-content\/uploads\/2024\/10\/kickoff-Nitra-SVK-7-300x225.jpg\" data-width=\"300\" data-height=\"225\" aria-label=\"\" role=\"img\" ><\/div>\n\t\t\t\t\t\t\t\t\t\t\t<div class=\"elementor-gallery-item__overlay\"><\/div>\n\t\t\t\t\t\t\t\t\t\t\t\t\t\t<\/a>\n\t\t\t\t\t\t\t<a class=\"e-gallery-item elementor-gallery-item elementor-animated-content\" href=\"https:\/\/createchange.connectus.sk\/wp-content\/uploads\/2024\/10\/kickoff-Nitra-SVK-8-scaled.jpg\" data-elementor-open-lightbox=\"yes\" data-elementor-lightbox-slideshow=\"a45034a\" data-e-action-hash=\"#elementor-action%3Aaction%3Dlightbox%26settings%3DeyJpZCI6MzAzLCJ1cmwiOiJodHRwczpcL1wvY3JlYXRlY2hhbmdlLmNvbm5lY3R1cy5za1wvd3AtY29udGVudFwvdXBsb2Fkc1wvMjAyNFwvMTBcL2tpY2tvZmYtTml0cmEtU1ZLLTgtc2NhbGVkLmpwZyIsInNsaWRlc2hvdyI6ImE0NTAzNGEifQ%3D%3D\">\n\t\t\t\t\t<div class=\"e-gallery-image elementor-gallery-item__image\" data-thumbnail=\"https:\/\/createchange.connectus.sk\/wp-content\/uploads\/2024\/10\/kickoff-Nitra-SVK-8-300x225.jpg\" data-width=\"300\" data-height=\"225\" aria-label=\"\" role=\"img\" ><\/div>\n\t\t\t\t\t\t\t\t\t\t\t<div class=\"elementor-gallery-item__overlay\"><\/div>\n\t\t\t\t\t\t\t\t\t\t\t\t\t\t<\/a>\n\t\t\t\t\t\t\t<a class=\"e-gallery-item elementor-gallery-item elementor-animated-content\" href=\"https:\/\/createchange.connectus.sk\/wp-content\/uploads\/2024\/10\/kickoff-Nitra-SVK-1-scaled.jpg\" data-elementor-open-lightbox=\"yes\" data-elementor-lightbox-slideshow=\"a45034a\" data-e-action-hash=\"#elementor-action%3Aaction%3Dlightbox%26settings%3DeyJpZCI6MzA0LCJ1cmwiOiJodHRwczpcL1wvY3JlYXRlY2hhbmdlLmNvbm5lY3R1cy5za1wvd3AtY29udGVudFwvdXBsb2Fkc1wvMjAyNFwvMTBcL2tpY2tvZmYtTml0cmEtU1ZLLTEtc2NhbGVkLmpwZyIsInNsaWRlc2hvdyI6ImE0NTAzNGEifQ%3D%3D\">\n\t\t\t\t\t<div class=\"e-gallery-image elementor-gallery-item__image\" data-thumbnail=\"https:\/\/createchange.connectus.sk\/wp-content\/uploads\/2024\/10\/kickoff-Nitra-SVK-1-225x300.jpg\" data-width=\"225\" data-height=\"300\" aria-label=\"\" role=\"img\" ><\/div>\n\t\t\t\t\t\t\t\t\t\t\t<div class=\"elementor-gallery-item__overlay\"><\/div>\n\t\t\t\t\t\t\t\t\t\t\t\t\t\t<\/a>\n\t\t\t\t\t<\/div>\n\t\t\t\t\t<\/div>\n\t\t\t\t<\/div>\n\t\t\t\t\t<\/div>\n\t\t\t\t<\/div>\n\t\t\t\t<\/div>","protected":false},"excerpt":{"rendered":"<p>Project Kick-off meeting Nitra, Slovakia &#8211; April 2024 In April 2023, the vibrant city of Nitra hosted the kick-off meeting for Project Create Change. This gathering marked the official start of our innovative initiative, aimed at empowering youth through music to combat climate change. The meeting brought together participants, partners, and stakeholders from various backgrounds [&hellip;]<\/p>","protected":false},"author":1,"featured_media":11,"parent":0,"menu_order":0,"comment_status":"closed","ping_status":"closed","template":"elementor_header_footer","meta":{"footnotes":""},"class_list":["post-10","page","type-page","status-publish","has-post-thumbnail","hentry"],"yoast_head":"<!-- This site is optimized with the Yoast SEO plugin v27.4 - https:\/\/yoast.com\/product\/yoast-seo-wordpress\/ -->\n<title>Kick-off meeting Nitra, Slovakia - Create Change Project<\/title>\n<meta name=\"robots\" content=\"index, follow, max-snippet:-1, max-image-preview:large, max-video-preview:-1\" \/>\n<link rel=\"canonical\" href=\"https:\/\/createchange.connectus.sk\/de\/nitra-slovakia\/\" \/>\n<meta property=\"og:locale\" content=\"de_DE\" \/>\n<meta property=\"og:type\" content=\"article\" \/>\n<meta property=\"og:title\" content=\"Kick-off meeting Nitra, Slovakia - Create Change Project\" \/>\n<meta property=\"og:description\" content=\"Project Kick-off meeting Nitra, Slovakia &#8211; April 2024 In April 2023, the vibrant city of Nitra hosted the kick-off meeting for Project Create Change. This gathering marked the official start of our innovative initiative, aimed at empowering youth through music to combat climate change. The meeting brought together participants, partners, and stakeholders from various backgrounds [&hellip;]\" \/>\n<meta property=\"og:url\" content=\"https:\/\/createchange.connectus.sk\/de\/nitra-slovakia\/\" \/>\n<meta property=\"og:site_name\" content=\"Create Change Project\" \/>\n<meta property=\"article:modified_time\" content=\"2024-10-03T06:16:13+00:00\" \/>\n<meta property=\"og:image\" content=\"https:\/\/createchange.connectus.sk\/wp-content\/uploads\/2024\/09\/architecture-5607836_1920.jpg\" \/>\n\t<meta property=\"og:image:width\" content=\"1920\" \/>\n\t<meta property=\"og:image:height\" content=\"1280\" \/>\n\t<meta property=\"og:image:type\" content=\"image\/jpeg\" \/>\n<meta name=\"twitter:card\" content=\"summary_large_image\" \/>\n<meta name=\"twitter:label1\" content=\"Gesch\u00e4tzte Lesezeit\" \/>\n\t<meta name=\"twitter:data1\" content=\"2\u00a0Minuten\" \/>\n<script type=\"application\/ld+json\" class=\"yoast-schema-graph\">{\"@context\":\"https:\\\/\\\/schema.org\",\"@graph\":[{\"@type\":\"WebPage\",\"@id\":\"https:\\\/\\\/createchange.connectus.sk\\\/nitra-slovakia\\\/\",\"url\":\"https:\\\/\\\/createchange.connectus.sk\\\/nitra-slovakia\\\/\",\"name\":\"Kick-off meeting Nitra, Slovakia - Create Change Project\",\"isPartOf\":{\"@id\":\"https:\\\/\\\/createchange.connectus.sk\\\/#website\"},\"primaryImageOfPage\":{\"@id\":\"https:\\\/\\\/createchange.connectus.sk\\\/nitra-slovakia\\\/#primaryimage\"},\"image\":{\"@id\":\"https:\\\/\\\/createchange.connectus.sk\\\/nitra-slovakia\\\/#primaryimage\"},\"thumbnailUrl\":\"https:\\\/\\\/createchange.connectus.sk\\\/wp-content\\\/uploads\\\/2024\\\/09\\\/architecture-5607836_1920.jpg\",\"datePublished\":\"2024-09-18T10:23:03+00:00\",\"dateModified\":\"2024-10-03T06:16:13+00:00\",\"breadcrumb\":{\"@id\":\"https:\\\/\\\/createchange.connectus.sk\\\/nitra-slovakia\\\/#breadcrumb\"},\"inLanguage\":\"de\",\"potentialAction\":[{\"@type\":\"ReadAction\",\"target\":[\"https:\\\/\\\/createchange.connectus.sk\\\/nitra-slovakia\\\/\"]}]},{\"@type\":\"ImageObject\",\"inLanguage\":\"de\",\"@id\":\"https:\\\/\\\/createchange.connectus.sk\\\/nitra-slovakia\\\/#primaryimage\",\"url\":\"https:\\\/\\\/createchange.connectus.sk\\\/wp-content\\\/uploads\\\/2024\\\/09\\\/architecture-5607836_1920.jpg\",\"contentUrl\":\"https:\\\/\\\/createchange.connectus.sk\\\/wp-content\\\/uploads\\\/2024\\\/09\\\/architecture-5607836_1920.jpg\",\"width\":1920,\"height\":1280},{\"@type\":\"BreadcrumbList\",\"@id\":\"https:\\\/\\\/createchange.connectus.sk\\\/nitra-slovakia\\\/#breadcrumb\",\"itemListElement\":[{\"@type\":\"ListItem\",\"position\":1,\"name\":\"Home\",\"item\":\"https:\\\/\\\/createchange.connectus.sk\\\/\"},{\"@type\":\"ListItem\",\"position\":2,\"name\":\"Kick-off meeting Nitra, Slovakia\"}]},{\"@type\":\"WebSite\",\"@id\":\"https:\\\/\\\/createchange.connectus.sk\\\/#website\",\"url\":\"https:\\\/\\\/createchange.connectus.sk\\\/\",\"name\":\"Create Change Project\",\"description\":\"\",\"potentialAction\":[{\"@type\":\"SearchAction\",\"target\":{\"@type\":\"EntryPoint\",\"urlTemplate\":\"https:\\\/\\\/createchange.connectus.sk\\\/?s={search_term_string}\"},\"query-input\":{\"@type\":\"PropertyValueSpecification\",\"valueRequired\":true,\"valueName\":\"search_term_string\"}}],\"inLanguage\":\"de\"}]}<\/script>\n<!-- \/ Yoast SEO plugin. -->","yoast_head_json":{"title":"Kick-off meeting Nitra, Slovakia - Create Change Project","robots":{"index":"index","follow":"follow","max-snippet":"max-snippet:-1","max-image-preview":"max-image-preview:large","max-video-preview":"max-video-preview:-1"},"canonical":"https:\/\/createchange.connectus.sk\/de\/nitra-slovakia\/","og_locale":"de_DE","og_type":"article","og_title":"Kick-off meeting Nitra, Slovakia - Create Change Project","og_description":"Project Kick-off meeting Nitra, Slovakia &#8211; April 2024 In April 2023, the vibrant city of Nitra hosted the kick-off meeting for Project Create Change. This gathering marked the official start of our innovative initiative, aimed at empowering youth through music to combat climate change. The meeting brought together participants, partners, and stakeholders from various backgrounds [&hellip;]","og_url":"https:\/\/createchange.connectus.sk\/de\/nitra-slovakia\/","og_site_name":"Create Change Project","article_modified_time":"2024-10-03T06:16:13+00:00","og_image":[{"width":1920,"height":1280,"url":"https:\/\/createchange.connectus.sk\/wp-content\/uploads\/2024\/09\/architecture-5607836_1920.jpg","type":"image\/jpeg"}],"twitter_card":"summary_large_image","twitter_misc":{"Gesch\u00e4tzte Lesezeit":"2\u00a0Minuten"},"schema":{"@context":"https:\/\/schema.org","@graph":[{"@type":"WebPage","@id":"https:\/\/createchange.connectus.sk\/nitra-slovakia\/","url":"https:\/\/createchange.connectus.sk\/nitra-slovakia\/","name":"Kick-off meeting Nitra, Slovakia - Create Change Project","isPartOf":{"@id":"https:\/\/createchange.connectus.sk\/#website"},"primaryImageOfPage":{"@id":"https:\/\/createchange.connectus.sk\/nitra-slovakia\/#primaryimage"},"image":{"@id":"https:\/\/createchange.connectus.sk\/nitra-slovakia\/#primaryimage"},"thumbnailUrl":"https:\/\/createchange.connectus.sk\/wp-content\/uploads\/2024\/09\/architecture-5607836_1920.jpg","datePublished":"2024-09-18T10:23:03+00:00","dateModified":"2024-10-03T06:16:13+00:00","breadcrumb":{"@id":"https:\/\/createchange.connectus.sk\/nitra-slovakia\/#breadcrumb"},"inLanguage":"de","potentialAction":[{"@type":"ReadAction","target":["https:\/\/createchange.connectus.sk\/nitra-slovakia\/"]}]},{"@type":"ImageObject","inLanguage":"de","@id":"https:\/\/createchange.connectus.sk\/nitra-slovakia\/#primaryimage","url":"https:\/\/createchange.connectus.sk\/wp-content\/uploads\/2024\/09\/architecture-5607836_1920.jpg","contentUrl":"https:\/\/createchange.connectus.sk\/wp-content\/uploads\/2024\/09\/architecture-5607836_1920.jpg","width":1920,"height":1280},{"@type":"BreadcrumbList","@id":"https:\/\/createchange.connectus.sk\/nitra-slovakia\/#breadcrumb","itemListElement":[{"@type":"ListItem","position":1,"name":"Home","item":"https:\/\/createchange.connectus.sk\/"},{"@type":"ListItem","position":2,"name":"Kick-off meeting Nitra, Slovakia"}]},{"@type":"WebSite","@id":"https:\/\/createchange.connectus.sk\/#website","url":"https:\/\/createchange.connectus.sk\/","name":"Create Change Project","description":"","potentialAction":[{"@type":"SearchAction","target":{"@type":"EntryPoint","urlTemplate":"https:\/\/createchange.connectus.sk\/?s={search_term_string}"},"query-input":{"@type":"PropertyValueSpecification","valueRequired":true,"valueName":"search_term_string"}}],"inLanguage":"de"}]}},"_links":{"self":[{"href":"https:\/\/createchange.connectus.sk\/de\/wp-json\/wp\/v2\/pages\/10","targetHints":{"allow":["GET"]}}],"collection":[{"href":"https:\/\/createchange.connectus.sk\/de\/wp-json\/wp\/v2\/pages"}],"about":[{"href":"https:\/\/createchange.connectus.sk\/de\/wp-json\/wp\/v2\/types\/page"}],"author":[{"embeddable":true,"href":"https:\/\/createchange.connectus.sk\/de\/wp-json\/wp\/v2\/users\/1"}],"replies":[{"embeddable":true,"href":"https:\/\/createchange.connectus.sk\/de\/wp-json\/wp\/v2\/comments?post=10"}],"version-history":[{"count":6,"href":"https:\/\/createchange.connectus.sk\/de\/wp-json\/wp\/v2\/pages\/10\/revisions"}],"predecessor-version":[{"id":455,"href":"https:\/\/createchange.connectus.sk\/de\/wp-json\/wp\/v2\/pages\/10\/revisions\/455"}],"wp:featuredmedia":[{"embeddable":true,"href":"https:\/\/createchange.connectus.sk\/de\/wp-json\/wp\/v2\/media\/11"}],"wp:attachment":[{"href":"https:\/\/createchange.connectus.sk\/de\/wp-json\/wp\/v2\/media?parent=10"}],"curies":[{"name":"wp","href":"https:\/\/api.w.org\/{rel}","templated":true}]}}