{"id":356,"date":"2024-10-02T09:30:05","date_gmt":"2024-10-02T07:30:05","guid":{"rendered":"https:\/\/createchange.connectus.sk\/?page_id=356"},"modified":"2025-02-11T10:01:13","modified_gmt":"2025-02-11T09:01:13","slug":"online-workshops","status":"publish","type":"page","link":"https:\/\/createchange.connectus.sk\/de\/online-workshops\/","title":{"rendered":"Online-Workshops"},"content":{"rendered":"<div data-elementor-type=\"wp-page\" data-elementor-id=\"356\" class=\"elementor elementor-356\" data-elementor-post-type=\"page\">\n\t\t\t\t<div class=\"elementor-element elementor-element-8f4ada2 e-flex e-con-boxed e-con e-parent\" data-id=\"8f4ada2\" data-element_type=\"container\">\n\t\t\t\t\t<div class=\"e-con-inner\">\n\t\t\t\t<div class=\"elementor-element elementor-element-eaebf2e elementor-widget elementor-widget-heading\" data-id=\"eaebf2e\" data-element_type=\"widget\" data-widget_type=\"heading.default\">\n\t\t\t\t<div class=\"elementor-widget-container\">\n\t\t\t\t\t<h2 class=\"elementor-heading-title elementor-size-default\">Online-Workshops<\/h2>\t\t\t\t<\/div>\n\t\t\t\t<\/div>\n\t\t\t\t<div class=\"elementor-element elementor-element-9125c34 elementor-widget elementor-widget-heading\" data-id=\"9125c34\" data-element_type=\"widget\" data-widget_type=\"heading.default\">\n\t\t\t\t<div class=\"elementor-widget-container\">\n\t\t\t\t\t<h2 class=\"elementor-heading-title elementor-size-default\">\ud83c\udfa7 Homerecording und Musikproduktion<br><span style=\"color: var( --e-global-color-7bcaf2b ); font-family: var( --e-global-typography-6aed33e-font-family ), Sans-serif; font-size: var( --e-global-typography-6aed33e-font-size ); font-weight: var( --e-global-typography-6aed33e-font-weight ); text-align: var(--text-align); background-color: var( --e-global-color-383d381 );\">\ud83c\udfb6 <\/span>30. 12. 2024<\/h2>\t\t\t\t<\/div>\n\t\t\t\t<\/div>\n\t\t<div class=\"elementor-element elementor-element-6c10228 e-grid e-con-full e-con e-child\" data-id=\"6c10228\" data-element_type=\"container\">\n\t\t\t\t<div class=\"elementor-element elementor-element-3972084 elementor-widget elementor-widget-image\" data-id=\"3972084\" data-element_type=\"widget\" data-widget_type=\"image.default\">\n\t\t\t\t<div class=\"elementor-widget-container\">\n\t\t\t\t\t\t\t\t\t\t\t\t\t\t\t<img fetchpriority=\"high\" decoding=\"async\" width=\"800\" height=\"800\" src=\"https:\/\/createchange.connectus.sk\/wp-content\/uploads\/2024\/12\/SONGWRITING5-1024x1024.jpg\" class=\"attachment-large size-large wp-image-600\" alt=\"\" srcset=\"https:\/\/createchange.connectus.sk\/wp-content\/uploads\/2024\/12\/SONGWRITING5-1024x1024.jpg 1024w, https:\/\/createchange.connectus.sk\/wp-content\/uploads\/2024\/12\/SONGWRITING5-300x300.jpg 300w, https:\/\/createchange.connectus.sk\/wp-content\/uploads\/2024\/12\/SONGWRITING5-150x150.jpg 150w, https:\/\/createchange.connectus.sk\/wp-content\/uploads\/2024\/12\/SONGWRITING5-768x768.jpg 768w, https:\/\/createchange.connectus.sk\/wp-content\/uploads\/2024\/12\/SONGWRITING5.jpg 1080w\" sizes=\"(max-width: 800px) 100vw, 800px\" \/>\t\t\t\t\t\t\t\t\t\t\t\t\t\t\t<\/div>\n\t\t\t\t<\/div>\n\t\t\t\t<div class=\"elementor-element elementor-element-7fee0c5 elementor-widget elementor-widget-image\" data-id=\"7fee0c5\" data-element_type=\"widget\" data-widget_type=\"image.default\">\n\t\t\t\t<div class=\"elementor-widget-container\">\n\t\t\t\t\t\t\t\t\t\t\t\t\t\t\t<img decoding=\"async\" width=\"800\" height=\"800\" src=\"https:\/\/createchange.connectus.sk\/wp-content\/uploads\/2024\/12\/SONGWRITING6-1024x1024.jpg\" class=\"attachment-large size-large wp-image-621\" alt=\"\" srcset=\"https:\/\/createchange.connectus.sk\/wp-content\/uploads\/2024\/12\/SONGWRITING6-1024x1024.jpg 1024w, https:\/\/createchange.connectus.sk\/wp-content\/uploads\/2024\/12\/SONGWRITING6-300x300.jpg 300w, https:\/\/createchange.connectus.sk\/wp-content\/uploads\/2024\/12\/SONGWRITING6-150x150.jpg 150w, https:\/\/createchange.connectus.sk\/wp-content\/uploads\/2024\/12\/SONGWRITING6-768x768.jpg 768w, https:\/\/createchange.connectus.sk\/wp-content\/uploads\/2024\/12\/SONGWRITING6.jpg 1080w\" sizes=\"(max-width: 800px) 100vw, 800px\" \/>\t\t\t\t\t\t\t\t\t\t\t\t\t\t\t<\/div>\n\t\t\t\t<\/div>\n\t\t\t\t<\/div>\n\t\t\t\t<div class=\"elementor-element elementor-element-656df60 elementor-widget elementor-widget-text-editor\" data-id=\"656df60\" data-element_type=\"widget\" data-widget_type=\"text-editor.default\">\n\t\t\t\t<div class=\"elementor-widget-container\">\n\t\t\t\t\t\t\t\t\t<div>\n<p class=\"translation-block\">Der <strong>Workshop zu Home Recording und Musikproduktion<\/strong> war ein wichtiger Teil des Projekts <strong>Create Change<\/strong> und vermittelte den Teilnehmern die n\u00f6tigen Tools und F\u00e4higkeiten, um in ihrem Heimstudio Musik zu produzieren. Unter der Leitung des professionellen Musikers <strong>Michal \u0160elep<\/strong> behandelte der Workshop wichtige Themen wie die Einrichtung eines Heimstudios, Aufnahmetechniken f\u00fcr Instrumente und Gesang sowie das Erstellen und Arrangieren von Tracks mit <strong>Ableton Live<\/strong>.<\/p>\n<p>Unter Michals Anleitung erkundeten die Teilnehmer den kreativen Prozess und lernten, die technischen Aspekte der Musikproduktion souver\u00e4n zu meistern. Diese praktische Sitzung war ein weiterer Meilenstein, um jungen Musikern das Wissen zu vermitteln, das sie brauchen, um wirkungsvolle Songs \u00fcber Nachhaltigkeit und Umweltschutz zu schreiben.\u00a0<\/p>\n<p class=\"translation-block\"><strong>Michal \u0160elep<\/strong> ist ein professioneller Musiker, Bassist und Musikp\u00e4dagoge mit umfassender Erfahrung in Live-Auftritten und Musikproduktion. Michal wurde von Weltklasse-Mentoren wie Anthony Wellington und Victor Wooten ausgebildet, ist mit renommierten K\u00fcnstlern verschiedener Genres aufgetreten und hat an zahlreichen Aufnahmeprojekten mitgearbeitet. Dank seiner Expertise an Bassgitarre und Keyboards sowie einem tiefen Verst\u00e4ndnis von Musiktheorie und -technologie verf\u00fcgt Michal \u00fcber reichlich Erfahrung im Erstellen, Aufnehmen und Produzieren von Musik in seinem Heimstudio. Er gibt sein Wissen leidenschaftlich gerne weiter und bef\u00e4higt andere, sich sicher in der Welt der Heimaufnahme und -produktion zurechtzufinden.<\/p>\n<p><span style=\"color: var( --e-global-color-text ); font-family: var( --e-global-typography-text-font-family ), Sans-serif; font-size: var( --e-global-typography-text-font-size ); font-weight: var( --e-global-typography-text-font-weight ); text-align: var(--text-align); background-color: var( --e-global-color-383d381 );\">Was Sie lernen k\u00f6nnten:<\/span><\/p>\n<ul>\n<li>Einrichten Ihres Heimstudios und Konfigurieren Ihrer Audioschnittstelle.\u00a0<\/li>\n<li class=\"translation-block\">Aufnahmetechniken f\u00fcr Instrumente und Gesang, einschlie\u00dflich Mikrofonplatzierung.<\/li>\n<li class=\"translation-block\">Den Kern eines Tracks aufbauen: Beats, Basslines und Melodien mit den MIDI-Instrumenten und Samples von Ableton erstellen.<\/li>\n<li>Arrangement eines Liedes: Strukturierung von Abschnitten wie Versen, Refrains, Bridges\u00a0<span style=\"color: var( --e-global-color-text ); font-family: var( --e-global-typography-text-font-family ), Sans-serif; font-size: var( --e-global-typography-text-font-size ); font-weight: var( --e-global-typography-text-font-weight ); text-align: var(--text-align); background-color: var( --e-global-color-383d381 );\">und mehr.<\/span><\/li>\n<\/ul>\n<\/div>\t\t\t\t\t\t\t\t<\/div>\n\t\t\t\t<\/div>\n\t\t\t\t<div class=\"elementor-element elementor-element-6b4f12d elementor-widget elementor-widget-heading\" data-id=\"6b4f12d\" data-element_type=\"widget\" data-widget_type=\"heading.default\">\n\t\t\t\t<div class=\"elementor-widget-container\">\n\t\t\t\t\t<h2 class=\"elementor-heading-title elementor-size-default\">Fundraising- und Crowdfunding-Plattformen\ud83c\udfb6 <br>9. 12. 2024<\/h2>\t\t\t\t<\/div>\n\t\t\t\t<\/div>\n\t\t<div class=\"elementor-element elementor-element-06c38eb e-grid e-con-full e-con e-child\" data-id=\"06c38eb\" data-element_type=\"container\">\n\t\t\t\t<div class=\"elementor-element elementor-element-353298d elementor-widget elementor-widget-image\" data-id=\"353298d\" data-element_type=\"widget\" data-widget_type=\"image.default\">\n\t\t\t\t<div class=\"elementor-widget-container\">\n\t\t\t\t\t\t\t\t\t\t\t\t\t\t\t<img decoding=\"async\" width=\"800\" height=\"800\" src=\"https:\/\/createchange.connectus.sk\/wp-content\/uploads\/2024\/12\/SONGWRITING2-1-1024x1024.jpg\" class=\"attachment-large size-large wp-image-617\" alt=\"\" srcset=\"https:\/\/createchange.connectus.sk\/wp-content\/uploads\/2024\/12\/SONGWRITING2-1-1024x1024.jpg 1024w, https:\/\/createchange.connectus.sk\/wp-content\/uploads\/2024\/12\/SONGWRITING2-1-300x300.jpg 300w, https:\/\/createchange.connectus.sk\/wp-content\/uploads\/2024\/12\/SONGWRITING2-1-150x150.jpg 150w, https:\/\/createchange.connectus.sk\/wp-content\/uploads\/2024\/12\/SONGWRITING2-1-768x768.jpg 768w, https:\/\/createchange.connectus.sk\/wp-content\/uploads\/2024\/12\/SONGWRITING2-1.jpg 1080w\" sizes=\"(max-width: 800px) 100vw, 800px\" \/>\t\t\t\t\t\t\t\t\t\t\t\t\t\t\t<\/div>\n\t\t\t\t<\/div>\n\t\t\t\t<div class=\"elementor-element elementor-element-818b7e0 elementor-widget elementor-widget-image\" data-id=\"818b7e0\" data-element_type=\"widget\" data-widget_type=\"image.default\">\n\t\t\t\t<div class=\"elementor-widget-container\">\n\t\t\t\t\t\t\t\t\t\t\t\t\t\t\t<img loading=\"lazy\" decoding=\"async\" width=\"800\" height=\"800\" src=\"https:\/\/createchange.connectus.sk\/wp-content\/uploads\/2024\/12\/SONGWRITING4-1024x1024.jpg\" class=\"attachment-large size-large wp-image-542\" alt=\"\" srcset=\"https:\/\/createchange.connectus.sk\/wp-content\/uploads\/2024\/12\/SONGWRITING4-1024x1024.jpg 1024w, https:\/\/createchange.connectus.sk\/wp-content\/uploads\/2024\/12\/SONGWRITING4-300x300.jpg 300w, https:\/\/createchange.connectus.sk\/wp-content\/uploads\/2024\/12\/SONGWRITING4-150x150.jpg 150w, https:\/\/createchange.connectus.sk\/wp-content\/uploads\/2024\/12\/SONGWRITING4-768x768.jpg 768w, https:\/\/createchange.connectus.sk\/wp-content\/uploads\/2024\/12\/SONGWRITING4.jpg 1080w\" sizes=\"(max-width: 800px) 100vw, 800px\" \/>\t\t\t\t\t\t\t\t\t\t\t\t\t\t\t<\/div>\n\t\t\t\t<\/div>\n\t\t\t\t<\/div>\n\t\t\t\t<div class=\"elementor-element elementor-element-54687b4 elementor-widget elementor-widget-text-editor\" data-id=\"54687b4\" data-element_type=\"widget\" data-widget_type=\"text-editor.default\">\n\t\t\t\t<div class=\"elementor-widget-container\">\n\t\t\t\t\t\t\t\t\t<p class=\"translation-block\">Im Rahmen des Projekts <strong>Create Change<\/strong> haben wir gerade einen inspirierenden Online-Workshop zum Thema <strong>Fundraising und Crowdfunding<\/strong> abgeschlossen!<\/p>\n<p>Die Teilnehmer hatten die M\u00f6glichkeit, Plattformen, Strategien und Tipps zur erfolgreichen Finanzierung ihrer Musikprojekte kennenzulernen.<\/p>\n<p class=\"translation-block\">Besonderer Dank gilt der Singer-Songwriterin <strong>Ester Wiesnerov\u00e1<\/strong>, die uns von ihrem unglaublichen Weg erz\u00e4hlte, Geld f\u00fcr ihr Studium in Berklee und ihr Musikalbum zu sammeln. Ihre Erfahrungen aus dem echten Leben boten unsch\u00e4tzbare Einblicke in das, was in der Welt des Crowdfunding funktioniert und was nicht.<\/p>\n<p>Wir best\u00e4rken junge Musiker darin, ihre Tr\u00e4ume Wirklichkeit werden zu lassen \u2013 und sind damit dem Wandel einen Schritt n\u00e4her!<\/p>\t\t\t\t\t\t\t\t<\/div>\n\t\t\t\t<\/div>\n\t\t\t\t<div class=\"elementor-element elementor-element-5986b9e elementor-widget elementor-widget-text-editor\" data-id=\"5986b9e\" data-element_type=\"widget\" data-widget_type=\"text-editor.default\">\n\t\t\t\t<div class=\"elementor-widget-container\">\n\t\t\t\t\t\t\t\t\t<p>In einer spannenden und aufschlussreichen Sitzung vertieften sich die Teilnehmer selbstbewusst und kreativ in die Kunst des Fundraisings. Gemeinsam erkundeten wir g\u00e4ngige \u00c4ngste im Zusammenhang mit der Bitte um Unterst\u00fctzung und interpretierten dies als spannende Gelegenheit, Ideen in die Tat umzusetzen. Beispiele aus der Praxis von Crowdfunding-Kampagnen, einschlie\u00dflich detaillierter Berichte und eingehender Analysen von Erfolgen und Herausforderungen, lieferten wertvolle Einblicke.<\/p>\n<p>Der Workshop vermittelte den Teilnehmern auch praktische Tools, mit denen sie eine erfolgreiche Kampagne strukturieren, inspirierende Belohnungen gestalten, realistische Ziele setzen und eine authentische Verbindung zu potenziellen Unterst\u00fctzern aufbauen k\u00f6nnen. Mit diesen Strategien verlie\u00dfen die Teilnehmer den Workshop mit dem Gef\u00fchl, Menschen dazu motivieren zu k\u00f6nnen, mit Freude zu spenden \u2013 ohne dass Unbehagen aufkam. Es war f\u00fcr alle eine inspirierende und best\u00e4rkende Erfahrung!<\/p>\t\t\t\t\t\t\t\t<\/div>\n\t\t\t\t<\/div>\n\t\t\t\t<div class=\"elementor-element elementor-element-9640dca elementor-widget elementor-widget-heading\" data-id=\"9640dca\" data-element_type=\"widget\" data-widget_type=\"heading.default\">\n\t\t\t\t<div class=\"elementor-widget-container\">\n\t\t\t\t\t<h2 class=\"elementor-heading-title elementor-size-default\">Songwriting mit Ester Wiesnerova, spannender Online-Workshop<br>14. 10. 2024 um 18 Uhr (19 Uhr griechische Zeit)<\/h2>\t\t\t\t<\/div>\n\t\t\t\t<\/div>\n\t\t<div class=\"elementor-element elementor-element-77725f9 e-grid e-con-full e-con e-child\" data-id=\"77725f9\" data-element_type=\"container\">\n\t\t\t\t<div class=\"elementor-element elementor-element-45bda42 elementor-widget elementor-widget-image\" data-id=\"45bda42\" data-element_type=\"widget\" data-widget_type=\"image.default\">\n\t\t\t\t<div class=\"elementor-widget-container\">\n\t\t\t\t\t\t\t\t\t\t\t\t\t\t\t<img loading=\"lazy\" decoding=\"async\" width=\"1170\" height=\"1169\" src=\"https:\/\/createchange.connectus.sk\/wp-content\/uploads\/2024\/12\/workshop-5.jpeg\" class=\"attachment-2048x2048 size-2048x2048 wp-image-519\" alt=\"\" srcset=\"https:\/\/createchange.connectus.sk\/wp-content\/uploads\/2024\/12\/workshop-5.jpeg 1170w, https:\/\/createchange.connectus.sk\/wp-content\/uploads\/2024\/12\/workshop-5-300x300.jpeg 300w, https:\/\/createchange.connectus.sk\/wp-content\/uploads\/2024\/12\/workshop-5-1024x1024.jpeg 1024w, https:\/\/createchange.connectus.sk\/wp-content\/uploads\/2024\/12\/workshop-5-150x150.jpeg 150w, https:\/\/createchange.connectus.sk\/wp-content\/uploads\/2024\/12\/workshop-5-768x767.jpeg 768w\" sizes=\"(max-width: 1170px) 100vw, 1170px\" \/>\t\t\t\t\t\t\t\t\t\t\t\t\t\t\t<\/div>\n\t\t\t\t<\/div>\n\t\t\t\t<div class=\"elementor-element elementor-element-ff05ef9 elementor-widget elementor-widget-image\" data-id=\"ff05ef9\" data-element_type=\"widget\" data-widget_type=\"image.default\">\n\t\t\t\t<div class=\"elementor-widget-container\">\n\t\t\t\t\t\t\t\t\t\t\t\t\t\t\t<img loading=\"lazy\" decoding=\"async\" width=\"1170\" height=\"1136\" src=\"https:\/\/createchange.connectus.sk\/wp-content\/uploads\/2024\/12\/workshop-6.jpeg\" class=\"attachment-2048x2048 size-2048x2048 wp-image-520\" alt=\"\" srcset=\"https:\/\/createchange.connectus.sk\/wp-content\/uploads\/2024\/12\/workshop-6.jpeg 1170w, https:\/\/createchange.connectus.sk\/wp-content\/uploads\/2024\/12\/workshop-6-300x291.jpeg 300w, https:\/\/createchange.connectus.sk\/wp-content\/uploads\/2024\/12\/workshop-6-1024x994.jpeg 1024w, https:\/\/createchange.connectus.sk\/wp-content\/uploads\/2024\/12\/workshop-6-768x746.jpeg 768w\" sizes=\"(max-width: 1170px) 100vw, 1170px\" \/>\t\t\t\t\t\t\t\t\t\t\t\t\t\t\t<\/div>\n\t\t\t\t<\/div>\n\t\t\t\t<\/div>\n\t\t\t\t<div class=\"elementor-element elementor-element-3a89a88 elementor-widget elementor-widget-text-editor\" data-id=\"3a89a88\" data-element_type=\"widget\" data-widget_type=\"text-editor.default\">\n\t\t\t\t<div class=\"elementor-widget-container\">\n\t\t\t\t\t\t\t\t\t<p><\/p>\n<p><\/p>\n<p><\/p>\n<p>Ester Wiesnerova, eine talentierte Songwriterin, P\u00e4dagogin und S\u00e4ngerin aus der Slowakei, lebt jetzt in New York und hat unglaubliche Meilensteine \u200b\u200berreicht:<\/p>\n<ul>\n<li>Aufgef\u00fchrt in Forbes\u2018 30 unter 30<\/li>\n<li>Stimmberechtigtes Mitglied der Recording Academy (Grammys)<\/li>\n<li>Ihr Deb\u00fctalbum wurde in zwei Grammy-Kategorien ber\u00fccksichtigt<\/li>\n<li>Internationale K\u00fcnstler in Mexiko, Guatemala, Indien, China, Gro\u00dfbritannien, der EU und den USA<\/li>\n<li>Aufgef\u00fchrt mit Lionel Richie<\/li>\n<\/ul>\n<div>&nbsp;<\/div>\n<div><span style=\"color: var( --e-global-color-text ); font-family: var( --e-global-typography-text-font-family ), Sans-serif; font-size: var( --e-global-typography-text-font-size ); font-weight: var( --e-global-typography-text-font-weight ); text-align: var(--text-align); background-color: var( --e-global-color-383d381 );\">In diesem vierteiligen Workshop f\u00fchrte uns Ester durch:<\/span><\/div>\n<ul>\n<li>Kreatives Denken und Metaphernentwicklung<\/li>\n<li>Beim Schreiben von Liedtexten liegt der Schwerpunkt auf Reim und Geschichtenerz\u00e4hlen<\/li>\n<li>Grundlagen zu Rhythmus, Phrasierung und Melodie sowie Geschichtenerz\u00e4hlen<\/li>\n<\/ul><div><br><\/div>\n<p>Dieser Workshop war sowohl f\u00fcr Anf\u00e4nger als auch f\u00fcr erfahrene Songwriter perfekt.&nbsp;<\/p>\n<p><\/p>\n<div class=\"translation-block\">Die Teilnehmer lernten verschiedene Techniken des Songwritings. Dies unterst\u00fctzt den Prozess der Teilnehmer des Create Change-Projekts und hilft ihnen, ihre eigene vom Umweltschutz inspirierte Musik zu schreiben.<\/div>\n<div>&nbsp;<\/div>\n<p><\/p>\t\t\t\t\t\t\t\t<\/div>\n\t\t\t\t<\/div>\n\t\t\t\t\t<\/div>\n\t\t\t\t<\/div>\n\t\t\t\t<\/div>","protected":false},"excerpt":{"rendered":"<p>Online workshops \ud83c\udfa7 Home Recording &amp; Music Production\ud83c\udfb6 30. 12. 2024 The\u00a0Home Recording &amp; Music Production Workshop\u00a0was a key part of the\u00a0Create Change\u00a0project, offering participants the tools and skills needed to produce music from their home studios. Led by professional musician\u00a0Michal \u0160elep, the workshop covered essentials such as setting up a home studio, recording techniques [&hellip;]<\/p>","protected":false},"author":1,"featured_media":0,"parent":0,"menu_order":0,"comment_status":"closed","ping_status":"closed","template":"","meta":{"footnotes":""},"class_list":["post-356","page","type-page","status-publish","hentry"],"yoast_head":"<!-- This site is optimized with the Yoast SEO plugin v27.4 - https:\/\/yoast.com\/product\/yoast-seo-wordpress\/ -->\n<title>Online workshops - Create Change Project<\/title>\n<meta name=\"robots\" content=\"index, follow, max-snippet:-1, max-image-preview:large, max-video-preview:-1\" \/>\n<link rel=\"canonical\" href=\"https:\/\/createchange.connectus.sk\/de\/online-workshops\/\" \/>\n<meta property=\"og:locale\" content=\"de_DE\" \/>\n<meta property=\"og:type\" content=\"article\" \/>\n<meta property=\"og:title\" content=\"Online workshops - Create Change Project\" \/>\n<meta property=\"og:description\" content=\"Online workshops \ud83c\udfa7 Home Recording &amp; Music Production\ud83c\udfb6 30. 12. 2024 The\u00a0Home Recording &amp; Music Production Workshop\u00a0was a key part of the\u00a0Create Change\u00a0project, offering participants the tools and skills needed to produce music from their home studios. Led by professional musician\u00a0Michal \u0160elep, the workshop covered essentials such as setting up a home studio, recording techniques [&hellip;]\" \/>\n<meta property=\"og:url\" content=\"https:\/\/createchange.connectus.sk\/de\/online-workshops\/\" \/>\n<meta property=\"og:site_name\" content=\"Create Change Project\" \/>\n<meta property=\"article:modified_time\" content=\"2025-02-11T09:01:13+00:00\" \/>\n<meta property=\"og:image\" content=\"https:\/\/createchange.connectus.sk\/wp-content\/uploads\/2024\/12\/SONGWRITING5.jpg\" \/>\n\t<meta property=\"og:image:width\" content=\"1080\" \/>\n\t<meta property=\"og:image:height\" content=\"1080\" \/>\n\t<meta property=\"og:image:type\" content=\"image\/jpeg\" \/>\n<meta name=\"twitter:card\" content=\"summary_large_image\" \/>\n<meta name=\"twitter:label1\" content=\"Gesch\u00e4tzte Lesezeit\" \/>\n\t<meta name=\"twitter:data1\" content=\"4\u00a0Minuten\" \/>\n<script type=\"application\/ld+json\" class=\"yoast-schema-graph\">{\"@context\":\"https:\\\/\\\/schema.org\",\"@graph\":[{\"@type\":\"WebPage\",\"@id\":\"https:\\\/\\\/createchange.connectus.sk\\\/online-workshops\\\/\",\"url\":\"https:\\\/\\\/createchange.connectus.sk\\\/online-workshops\\\/\",\"name\":\"Online workshops - Create Change Project\",\"isPartOf\":{\"@id\":\"https:\\\/\\\/createchange.connectus.sk\\\/#website\"},\"primaryImageOfPage\":{\"@id\":\"https:\\\/\\\/createchange.connectus.sk\\\/online-workshops\\\/#primaryimage\"},\"image\":{\"@id\":\"https:\\\/\\\/createchange.connectus.sk\\\/online-workshops\\\/#primaryimage\"},\"thumbnailUrl\":\"https:\\\/\\\/createchange.connectus.sk\\\/wp-content\\\/uploads\\\/2024\\\/12\\\/SONGWRITING5-1024x1024.jpg\",\"datePublished\":\"2024-10-02T07:30:05+00:00\",\"dateModified\":\"2025-02-11T09:01:13+00:00\",\"breadcrumb\":{\"@id\":\"https:\\\/\\\/createchange.connectus.sk\\\/online-workshops\\\/#breadcrumb\"},\"inLanguage\":\"de\",\"potentialAction\":[{\"@type\":\"ReadAction\",\"target\":[\"https:\\\/\\\/createchange.connectus.sk\\\/online-workshops\\\/\"]}]},{\"@type\":\"ImageObject\",\"inLanguage\":\"de\",\"@id\":\"https:\\\/\\\/createchange.connectus.sk\\\/online-workshops\\\/#primaryimage\",\"url\":\"https:\\\/\\\/createchange.connectus.sk\\\/wp-content\\\/uploads\\\/2024\\\/12\\\/SONGWRITING5-1024x1024.jpg\",\"contentUrl\":\"https:\\\/\\\/createchange.connectus.sk\\\/wp-content\\\/uploads\\\/2024\\\/12\\\/SONGWRITING5-1024x1024.jpg\"},{\"@type\":\"BreadcrumbList\",\"@id\":\"https:\\\/\\\/createchange.connectus.sk\\\/online-workshops\\\/#breadcrumb\",\"itemListElement\":[{\"@type\":\"ListItem\",\"position\":1,\"name\":\"Home\",\"item\":\"https:\\\/\\\/createchange.connectus.sk\\\/\"},{\"@type\":\"ListItem\",\"position\":2,\"name\":\"Online workshops\"}]},{\"@type\":\"WebSite\",\"@id\":\"https:\\\/\\\/createchange.connectus.sk\\\/#website\",\"url\":\"https:\\\/\\\/createchange.connectus.sk\\\/\",\"name\":\"Create Change Project\",\"description\":\"\",\"potentialAction\":[{\"@type\":\"SearchAction\",\"target\":{\"@type\":\"EntryPoint\",\"urlTemplate\":\"https:\\\/\\\/createchange.connectus.sk\\\/?s={search_term_string}\"},\"query-input\":{\"@type\":\"PropertyValueSpecification\",\"valueRequired\":true,\"valueName\":\"search_term_string\"}}],\"inLanguage\":\"de\"}]}<\/script>\n<!-- \/ Yoast SEO plugin. -->","yoast_head_json":{"title":"Online workshops - Create Change Project","robots":{"index":"index","follow":"follow","max-snippet":"max-snippet:-1","max-image-preview":"max-image-preview:large","max-video-preview":"max-video-preview:-1"},"canonical":"https:\/\/createchange.connectus.sk\/de\/online-workshops\/","og_locale":"de_DE","og_type":"article","og_title":"Online workshops - Create Change Project","og_description":"Online workshops \ud83c\udfa7 Home Recording &amp; Music Production\ud83c\udfb6 30. 12. 2024 The\u00a0Home Recording &amp; Music Production Workshop\u00a0was a key part of the\u00a0Create Change\u00a0project, offering participants the tools and skills needed to produce music from their home studios. Led by professional musician\u00a0Michal \u0160elep, the workshop covered essentials such as setting up a home studio, recording techniques [&hellip;]","og_url":"https:\/\/createchange.connectus.sk\/de\/online-workshops\/","og_site_name":"Create Change Project","article_modified_time":"2025-02-11T09:01:13+00:00","og_image":[{"width":1080,"height":1080,"url":"https:\/\/createchange.connectus.sk\/wp-content\/uploads\/2024\/12\/SONGWRITING5.jpg","type":"image\/jpeg"}],"twitter_card":"summary_large_image","twitter_misc":{"Gesch\u00e4tzte Lesezeit":"4\u00a0Minuten"},"schema":{"@context":"https:\/\/schema.org","@graph":[{"@type":"WebPage","@id":"https:\/\/createchange.connectus.sk\/online-workshops\/","url":"https:\/\/createchange.connectus.sk\/online-workshops\/","name":"Online workshops - Create Change Project","isPartOf":{"@id":"https:\/\/createchange.connectus.sk\/#website"},"primaryImageOfPage":{"@id":"https:\/\/createchange.connectus.sk\/online-workshops\/#primaryimage"},"image":{"@id":"https:\/\/createchange.connectus.sk\/online-workshops\/#primaryimage"},"thumbnailUrl":"https:\/\/createchange.connectus.sk\/wp-content\/uploads\/2024\/12\/SONGWRITING5-1024x1024.jpg","datePublished":"2024-10-02T07:30:05+00:00","dateModified":"2025-02-11T09:01:13+00:00","breadcrumb":{"@id":"https:\/\/createchange.connectus.sk\/online-workshops\/#breadcrumb"},"inLanguage":"de","potentialAction":[{"@type":"ReadAction","target":["https:\/\/createchange.connectus.sk\/online-workshops\/"]}]},{"@type":"ImageObject","inLanguage":"de","@id":"https:\/\/createchange.connectus.sk\/online-workshops\/#primaryimage","url":"https:\/\/createchange.connectus.sk\/wp-content\/uploads\/2024\/12\/SONGWRITING5-1024x1024.jpg","contentUrl":"https:\/\/createchange.connectus.sk\/wp-content\/uploads\/2024\/12\/SONGWRITING5-1024x1024.jpg"},{"@type":"BreadcrumbList","@id":"https:\/\/createchange.connectus.sk\/online-workshops\/#breadcrumb","itemListElement":[{"@type":"ListItem","position":1,"name":"Home","item":"https:\/\/createchange.connectus.sk\/"},{"@type":"ListItem","position":2,"name":"Online workshops"}]},{"@type":"WebSite","@id":"https:\/\/createchange.connectus.sk\/#website","url":"https:\/\/createchange.connectus.sk\/","name":"Create Change Project","description":"","potentialAction":[{"@type":"SearchAction","target":{"@type":"EntryPoint","urlTemplate":"https:\/\/createchange.connectus.sk\/?s={search_term_string}"},"query-input":{"@type":"PropertyValueSpecification","valueRequired":true,"valueName":"search_term_string"}}],"inLanguage":"de"}]}},"_links":{"self":[{"href":"https:\/\/createchange.connectus.sk\/de\/wp-json\/wp\/v2\/pages\/356","targetHints":{"allow":["GET"]}}],"collection":[{"href":"https:\/\/createchange.connectus.sk\/de\/wp-json\/wp\/v2\/pages"}],"about":[{"href":"https:\/\/createchange.connectus.sk\/de\/wp-json\/wp\/v2\/types\/page"}],"author":[{"embeddable":true,"href":"https:\/\/createchange.connectus.sk\/de\/wp-json\/wp\/v2\/users\/1"}],"replies":[{"embeddable":true,"href":"https:\/\/createchange.connectus.sk\/de\/wp-json\/wp\/v2\/comments?post=356"}],"version-history":[{"count":6,"href":"https:\/\/createchange.connectus.sk\/de\/wp-json\/wp\/v2\/pages\/356\/revisions"}],"predecessor-version":[{"id":657,"href":"https:\/\/createchange.connectus.sk\/de\/wp-json\/wp\/v2\/pages\/356\/revisions\/657"}],"wp:attachment":[{"href":"https:\/\/createchange.connectus.sk\/de\/wp-json\/wp\/v2\/media?parent=356"}],"curies":[{"name":"wp","href":"https:\/\/api.w.org\/{rel}","templated":true}]}}