{"id":2,"date":"2024-09-18T09:31:03","date_gmt":"2024-09-18T09:31:03","guid":{"rendered":"https:\/\/createchange.connectus.sk\/?page_id=2"},"modified":"2025-05-02T13:32:45","modified_gmt":"2025-05-02T11:32:45","slug":"our-songs","status":"publish","type":"page","link":"https:\/\/createchange.connectus.sk\/en\/our-songs\/","title":{"rendered":"Our songs"},"content":{"rendered":"\t\t<div data-elementor-type=\"wp-page\" data-elementor-id=\"2\" class=\"elementor elementor-2\" data-elementor-post-type=\"page\">\n\t\t\t\t<div class=\"elementor-element elementor-element-e4400b4 e-flex e-con-boxed e-con e-parent\" data-id=\"e4400b4\" data-element_type=\"container\">\n\t\t\t\t\t<div class=\"e-con-inner\">\n\t\t\t\t<div class=\"elementor-element elementor-element-202112c elementor-widget elementor-widget-heading\" data-id=\"202112c\" data-element_type=\"widget\" data-widget_type=\"heading.default\">\n\t\t\t\t<div class=\"elementor-widget-container\">\n\t\t\t\t\t<h2 class=\"elementor-heading-title elementor-size-default\">Our songs<\/h2>\t\t\t\t<\/div>\n\t\t\t\t<\/div>\n\t\t\t\t<div class=\"elementor-element elementor-element-1e2da1c elementor-widget-divider--view-line elementor-widget elementor-widget-divider\" data-id=\"1e2da1c\" data-element_type=\"widget\" data-widget_type=\"divider.default\">\n\t\t\t\t<div class=\"elementor-widget-container\">\n\t\t\t\t\t\t\t<div class=\"elementor-divider\">\n\t\t\t<span class=\"elementor-divider-separator\">\n\t\t\t\t\t\t<\/span>\n\t\t<\/div>\n\t\t\t\t\t\t<\/div>\n\t\t\t\t<\/div>\n\t\t\t\t<div class=\"elementor-element elementor-element-f941ee7 elementor-widget elementor-widget-heading\" data-id=\"f941ee7\" data-element_type=\"widget\" data-widget_type=\"heading.default\">\n\t\t\t\t<div class=\"elementor-widget-container\">\n\t\t\t\t\t<h2 class=\"elementor-heading-title elementor-size-default\">\ud83c\udfa7 JUST TRY IT<\/h2>\t\t\t\t<\/div>\n\t\t\t\t<\/div>\n\t\t<div class=\"elementor-element elementor-element-17a45d9 e-grid e-con-full e-con e-child\" data-id=\"17a45d9\" data-element_type=\"container\">\n\t\t\t\t<div class=\"elementor-element elementor-element-dea3917 elementor-widget elementor-widget-text-editor\" data-id=\"dea3917\" data-element_type=\"widget\" data-widget_type=\"text-editor.default\">\n\t\t\t\t<div class=\"elementor-widget-container\">\n\t\t\t\t\t\t\t\t\t<h4>Lyrics<\/h4><p>You were just a thief<br \/>Making up some words for me,<br \/>acting to believe what you don\u2019t<br \/>Been tied up to watch you bleed<br \/>If we just try it now<br \/>There might be a way out<br \/>This planet\u2019s rejected<br \/>No way to waste our living<br \/>Bathtub full of tears<br \/>Hope it won\u2019t last years<br \/>Everything we\u2019ve been through<br \/>Don\u2019t know where it can lead to<\/p>\t\t\t\t\t\t\t\t<\/div>\n\t\t\t\t<\/div>\n\t\t\t\t<div class=\"elementor-element elementor-element-af36774 elementor-widget elementor-widget-video\" data-id=\"af36774\" data-element_type=\"widget\" data-settings=\"{&quot;youtube_url&quot;:&quot;https:\\\/\\\/youtu.be\\\/2FWNWc10uLw?si=mtOUIsT2-J3AzBvD&quot;,&quot;video_type&quot;:&quot;youtube&quot;,&quot;controls&quot;:&quot;yes&quot;}\" data-widget_type=\"video.default\">\n\t\t\t\t<div class=\"elementor-widget-container\">\n\t\t\t\t\t\t\t<div class=\"elementor-wrapper elementor-open-inline\">\n\t\t\t<div class=\"elementor-video\"><\/div>\t\t<\/div>\n\t\t\t\t\t\t<\/div>\n\t\t\t\t<\/div>\n\t\t\t\t<\/div>\n\t\t\t\t<div class=\"elementor-element elementor-element-6be1bca elementor-widget elementor-widget-text-editor\" data-id=\"6be1bca\" data-element_type=\"widget\" data-widget_type=\"text-editor.default\">\n\t\t\t\t<div class=\"elementor-widget-container\">\n\t\t\t\t\t\t\t\t\t<p>Vocal, Lyrics \u2013 Ioannis Tsarsitalidis<br \/>Guitar \u2013 Tom\u00e1\u0161 Dubov\u00fd<br \/>Bassguitar \u2013 Lili Slanin\u00e1kov\u00e1<br \/>Drums, Recording \u2013 Tibor Seidl<\/p>\t\t\t\t\t\t\t\t<\/div>\n\t\t\t\t<\/div>\n\t\t\t\t<div class=\"elementor-element elementor-element-0f6430e elementor-widget elementor-widget-text-editor\" data-id=\"0f6430e\" data-element_type=\"widget\" data-widget_type=\"text-editor.default\">\n\t\t\t\t<div class=\"elementor-widget-container\">\n\t\t\t\t\t\t\t\t\t<p>Third Original Song by Youth for the Planet. This song was created as part of the international Create Change project, where young musicians from Slovakia, Greece and Germany came together to raise their voices for the protection of our environment. Through music, they aim to inspire positive change and show that everyone can make a difference. Listen, share and join us on the journey toward a more sustainable future!<\/p>\t\t\t\t\t\t\t\t<\/div>\n\t\t\t\t<\/div>\n\t\t\t\t<div class=\"elementor-element elementor-element-36668da elementor-widget-divider--view-line elementor-widget elementor-widget-divider\" data-id=\"36668da\" data-element_type=\"widget\" data-widget_type=\"divider.default\">\n\t\t\t\t<div class=\"elementor-widget-container\">\n\t\t\t\t\t\t\t<div class=\"elementor-divider\">\n\t\t\t<span class=\"elementor-divider-separator\">\n\t\t\t\t\t\t<\/span>\n\t\t<\/div>\n\t\t\t\t\t\t<\/div>\n\t\t\t\t<\/div>\n\t\t\t\t<div class=\"elementor-element elementor-element-60d9fc7 elementor-widget elementor-widget-heading\" data-id=\"60d9fc7\" data-element_type=\"widget\" data-widget_type=\"heading.default\">\n\t\t\t\t<div class=\"elementor-widget-container\">\n\t\t\t\t\t<h2 class=\"elementor-heading-title elementor-size-default\">\ud83c\udfa7  RISE AGAIN<\/h2>\t\t\t\t<\/div>\n\t\t\t\t<\/div>\n\t\t<div class=\"elementor-element elementor-element-427e710 e-grid e-con-full e-con e-child\" data-id=\"427e710\" data-element_type=\"container\">\n\t\t\t\t<div class=\"elementor-element elementor-element-b2cb472 elementor-widget elementor-widget-text-editor\" data-id=\"b2cb472\" data-element_type=\"widget\" data-widget_type=\"text-editor.default\">\n\t\t\t\t<div class=\"elementor-widget-container\">\n\t\t\t\t\t\t\t\t\t<h4>Lyrics<\/h4><p>Verse<br \/>Broken skies and fading rivers,<br \/>fields of green now turn to gray.<br \/>We keep taking, never giving,<br \/>watching nature slip away.<\/p><p>Chorus<br \/>Rise again, don\u2019t look away,<br \/>tomorrow starts with us today.<\/p><p>Verse 2<br \/>Plastic waves are crashing higher,<br \/>ashes fall where forests stood.<br \/>But the fire in us lingers,<br \/>we can turn it into good.<\/p><p>Chorus<br \/>Rise again, don\u2019t look away,<br \/>tomorrow starts with us today.<\/p><p>Pre-Chorus<br \/>But the wind still sings its song,<br \/>whispering that we belong.<br \/>If we stand, if we try,<br \/>we can bring the world to life.<\/p>\t\t\t\t\t\t\t\t<\/div>\n\t\t\t\t<\/div>\n\t\t\t\t<div class=\"elementor-element elementor-element-a661008 elementor-widget elementor-widget-video\" data-id=\"a661008\" data-element_type=\"widget\" data-settings=\"{&quot;youtube_url&quot;:&quot;https:\\\/\\\/youtu.be\\\/jlpVfOOtasA?si=emZx_e2YqeXH9ec-&quot;,&quot;video_type&quot;:&quot;youtube&quot;,&quot;controls&quot;:&quot;yes&quot;}\" data-widget_type=\"video.default\">\n\t\t\t\t<div class=\"elementor-widget-container\">\n\t\t\t\t\t\t\t<div class=\"elementor-wrapper elementor-open-inline\">\n\t\t\t<div class=\"elementor-video\"><\/div>\t\t<\/div>\n\t\t\t\t\t\t<\/div>\n\t\t\t\t<\/div>\n\t\t\t\t<\/div>\n\t\t\t\t<div class=\"elementor-element elementor-element-576c9e9 elementor-widget elementor-widget-text-editor\" data-id=\"576c9e9\" data-element_type=\"widget\" data-widget_type=\"text-editor.default\">\n\t\t\t\t<div class=\"elementor-widget-container\">\n\t\t\t\t\t\t\t\t\t<p>Guitare n.1- Tom\u00e1\u0161 Dubov\u00fd<br \/>Guitare n.2 &#8211; Marko \u017d\u00e1k<br \/>Bass &#8211; Adam Pavlovi\u010d<br \/>Drums, Mix, Master &#8211; Tibor Seidl<br \/>Voice &#8211; Linda Gajdo\u0161\u00edkov\u00e1<br \/>Lyrics &#8211; Tibor Seidl<\/p>\t\t\t\t\t\t\t\t<\/div>\n\t\t\t\t<\/div>\n\t\t\t\t<div class=\"elementor-element elementor-element-19c2ca5 elementor-widget elementor-widget-text-editor\" data-id=\"19c2ca5\" data-element_type=\"widget\" data-widget_type=\"text-editor.default\">\n\t\t\t\t<div class=\"elementor-widget-container\">\n\t\t\t\t\t\t\t\t\t<p>Second Original Song by Youth for the Planet. This song was created as part of the international Create Change project, where young musicians from Slovakia, Greece and Germany came together to raise their voices for the protection of our environment. Through music, they aim to inspire positive change and show that everyone can make a difference. Listen, share and join us on the journey toward a more sustainable future!<\/p>\t\t\t\t\t\t\t\t<\/div>\n\t\t\t\t<\/div>\n\t\t\t\t<div class=\"elementor-element elementor-element-adc83b5 elementor-widget-divider--view-line elementor-widget elementor-widget-divider\" data-id=\"adc83b5\" data-element_type=\"widget\" data-widget_type=\"divider.default\">\n\t\t\t\t<div class=\"elementor-widget-container\">\n\t\t\t\t\t\t\t<div class=\"elementor-divider\">\n\t\t\t<span class=\"elementor-divider-separator\">\n\t\t\t\t\t\t<\/span>\n\t\t<\/div>\n\t\t\t\t\t\t<\/div>\n\t\t\t\t<\/div>\n\t\t\t\t<div class=\"elementor-element elementor-element-cde7372 elementor-widget elementor-widget-heading\" data-id=\"cde7372\" data-element_type=\"widget\" data-widget_type=\"heading.default\">\n\t\t\t\t<div class=\"elementor-widget-container\">\n\t\t\t\t\t<h2 class=\"elementor-heading-title elementor-size-default\">\ud83c\udfa7 PROTEGEONS LA TERRE<\/h2>\t\t\t\t<\/div>\n\t\t\t\t<\/div>\n\t\t<div class=\"elementor-element elementor-element-81491a7 e-grid e-con-full e-con e-child\" data-id=\"81491a7\" data-element_type=\"container\">\n\t\t\t\t<div class=\"elementor-element elementor-element-584a870 elementor-widget elementor-widget-text-editor\" data-id=\"584a870\" data-element_type=\"widget\" data-widget_type=\"text-editor.default\">\n\t\t\t\t<div class=\"elementor-widget-container\">\n\t\t\t\t\t\t\t\t\t<h4>Lyrics<\/h4><p>Les arbres dansent sous le vent, doucement,<br \/>La nature chante, mais on l\u2019entend rarement <br \/>Les oc\u00e9ans pleurent sous le poids des d\u00e9chets, <br \/>Il est temps de changer<\/p><p>Le ciel devient gris, il perd ses couleurs, <br \/>La plan\u00e8te souffre, elle crie sa douleur. <br \/>Mais si on s\u2019unit, on peut tout r\u00e9parer, <br \/>Une \u00e9tincelle suffit pour tout allumer<\/p><p>Prot\u00e8geons la terre, c\u2019est notre maison,<br \/>Chaque geste compte, chaque action.<br \/>Wowowowow<br \/>Prot\u00e8geons la terre, c\u2019est notre maison,<br \/>Chaque geste compte, chaque action.<br \/>Wowowowow<\/p>\t\t\t\t\t\t\t\t<\/div>\n\t\t\t\t<\/div>\n\t\t\t\t<div class=\"elementor-element elementor-element-2714bff elementor-widget elementor-widget-video\" data-id=\"2714bff\" data-element_type=\"widget\" data-settings=\"{&quot;youtube_url&quot;:&quot;https:\\\/\\\/youtu.be\\\/IUFUTSNR-ic?si=jzowygTSuxlewNbU&quot;,&quot;video_type&quot;:&quot;youtube&quot;,&quot;controls&quot;:&quot;yes&quot;}\" data-widget_type=\"video.default\">\n\t\t\t\t<div class=\"elementor-widget-container\">\n\t\t\t\t\t\t\t<div class=\"elementor-wrapper elementor-open-inline\">\n\t\t\t<div class=\"elementor-video\"><\/div>\t\t<\/div>\n\t\t\t\t\t\t<\/div>\n\t\t\t\t<\/div>\n\t\t\t\t<div class=\"elementor-element elementor-element-0cbb30e elementor-widget elementor-widget-text-editor\" data-id=\"0cbb30e\" data-element_type=\"widget\" data-widget_type=\"text-editor.default\">\n\t\t\t\t<div class=\"elementor-widget-container\">\n\t\t\t\t\t\t\t\t\t<p>Everywhere you go, you want to see some hope and that&#8217;s the hope of a future. <br \/>So take a look around, be aware of what you got. <br \/>Take your part with Nature in your Heart<\/p><p>Prot\u00e8geons la terre, c\u2019est notre maison, <br \/>Chaque geste compte, chaque action. <br \/>Wowowowow<br \/>Prot\u00e8geons la terre, c\u2019est notre maison, <br \/>Chaque geste compte, chaque action. <br \/>Wowowowow<\/p>\t\t\t\t\t\t\t\t<\/div>\n\t\t\t\t<\/div>\n\t\t\t\t<div class=\"elementor-element elementor-element-7051f6b elementor-widget elementor-widget-text-editor\" data-id=\"7051f6b\" data-element_type=\"widget\" data-widget_type=\"text-editor.default\">\n\t\t\t\t<div class=\"elementor-widget-container\">\n\t\t\t\t\t\t\t\t\t<ul><li>Lyric, Sing, Beat \u2013 Ismaila Seck\u00a0<\/li><li>Beat \u2013 Johannes Cosimo Burgmann\u00a0<\/li><li>Guitar \u2013 Giorgos Dossaras\u00a0<\/li><li>Basguitar \u2013 Adam Pavlovi\u010d<\/li><\/ul>\t\t\t\t\t\t\t\t<\/div>\n\t\t\t\t<\/div>\n\t\t\t\t<\/div>\n\t\t\t\t<div class=\"elementor-element elementor-element-e35778b elementor-widget elementor-widget-text-editor\" data-id=\"e35778b\" data-element_type=\"widget\" data-widget_type=\"text-editor.default\">\n\t\t\t\t<div class=\"elementor-widget-container\">\n\t\t\t\t\t\t\t\t\t<p>An Original Song by Youth for the Planet. This song was created as part of the international Create Change project, where young musicians from Slovakia, Greece and Germany came together to raise their voices for the protection of our environment. Through music, they aim to inspire positive change and show that everyone can make a difference. Listen, share, and join us on the journey toward a more sustainable future!\u00a0<\/p>\t\t\t\t\t\t\t\t<\/div>\n\t\t\t\t<\/div>\n\t\t\t\t<div class=\"elementor-element elementor-element-d3c3952 elementor-widget-divider--view-line elementor-widget elementor-widget-divider\" data-id=\"d3c3952\" data-element_type=\"widget\" data-widget_type=\"divider.default\">\n\t\t\t\t<div class=\"elementor-widget-container\">\n\t\t\t\t\t\t\t<div class=\"elementor-divider\">\n\t\t\t<span class=\"elementor-divider-separator\">\n\t\t\t\t\t\t<\/span>\n\t\t<\/div>\n\t\t\t\t\t\t<\/div>\n\t\t\t\t<\/div>\n\t\t\t\t<div class=\"elementor-element elementor-element-fd6f8fb elementor-widget elementor-widget-heading\" data-id=\"fd6f8fb\" data-element_type=\"widget\" data-widget_type=\"heading.default\">\n\t\t\t\t<div class=\"elementor-widget-container\">\n\t\t\t\t\t<h2 class=\"elementor-heading-title elementor-size-default\">\ud83c\udfa7 DO WE LISTEN<\/h2>\t\t\t\t<\/div>\n\t\t\t\t<\/div>\n\t\t\t\t<div class=\"elementor-element elementor-element-b2ac7d0 elementor-widget elementor-widget-text-editor\" data-id=\"b2ac7d0\" data-element_type=\"widget\" data-widget_type=\"text-editor.default\">\n\t\t\t\t<div class=\"elementor-widget-container\">\n\t\t\t\t\t\t\t\t\t<p>An Original Song by Youth for the Planet. This song was created as part\u00a0of the international Create Change project, where young musicians from\u00a0Slovakia, Greece and Germany came together to raise their voices for the\u00a0protection of our environment. Through music, they aim to inspire\u00a0positive change and show that everyone can make a difference. Listen,\u00a0share, and join us on the journey toward a more sustainable future!<\/p>\t\t\t\t\t\t\t\t<\/div>\n\t\t\t\t<\/div>\n\t\t<div class=\"elementor-element elementor-element-6e62dc8 e-grid e-con-full e-con e-child\" data-id=\"6e62dc8\" data-element_type=\"container\">\n\t\t\t\t<div class=\"elementor-element elementor-element-a1c53cb elementor-widget__width-initial elementor-widget elementor-widget-text-editor\" data-id=\"a1c53cb\" data-element_type=\"widget\" data-widget_type=\"text-editor.default\">\n\t\t\t\t<div class=\"elementor-widget-container\">\n\t\t\t\t\t\t\t\t\t<h4>Lyrics<\/h4><p>They stand like ghosts at the edge of time, Bearing witness to our climb.<br \/>Shadows stretch beneath their gaze, Through endless nights and fleeting days.<\/p><p>Their whispers fall, soft as rain, Telling stories of joy and pain.<br \/>Do we listen? Do we care? Or leave their warnings in the air?<\/p><p>Silent watchers, tall and still, Guardians of the valley, the hill.<br \/>In their silence, there&#8217;s a plea, For the ones who choose to see.<\/p><p>The rivers run with quiet grace, Tracing scars we can&#8217;t erase.<br \/>A fragile bond, a fleeting trust, Crumbles slowly into dust.<\/p>\t\t\t\t\t\t\t\t<\/div>\n\t\t\t\t<\/div>\n\t\t\t\t<div class=\"elementor-element elementor-element-7a1541e elementor-widget__width-initial elementor-widget elementor-widget-text-editor\" data-id=\"7a1541e\" data-element_type=\"widget\" data-widget_type=\"text-editor.default\">\n\t\t\t\t<div class=\"elementor-widget-container\">\n\t\t\t\t\t\t\t\t\t<p>Their voices hum beneath the sky, In every breath, a mournful sigh.<br \/>Do we answer? Do we change? Or let it all grow cold and strange?<\/p><p>Echoes rise through time and space, Calling out to hearts misplaced.<br \/>In their wisdom, whispers grow, A love we&#8217;ve lost, a truth we know.<\/p><p>Silent watchers, tall and still, Guardians of the valley, the hill.<br \/>In their silence, there&#8217;s a plea, For the ones who choose to see.<\/p><p>The rivers run with quiet grace, Tracing scars we can&#8217;t erase.<br \/>A fragile bond, a fleeting trust, Crumbles slowly into dust.<\/p>\t\t\t\t\t\t\t\t<\/div>\n\t\t\t\t<\/div>\n\t\t\t\t<div class=\"elementor-element elementor-element-0945a0f elementor-widget__width-initial elementor-widget elementor-widget-text-editor\" data-id=\"0945a0f\" data-element_type=\"widget\" data-widget_type=\"text-editor.default\">\n\t\t\t\t<div class=\"elementor-widget-container\">\n\t\t\t\t\t\t\t\t\t<p>Vocal, Lyrics &#8211; Linda Gajdo\u0161\u00edkov\u00e1<\/p><p>Guitar- Marko \u017d\u00e1k<\/p><p>Piano &#8211; Paulina Hr\u010dkov\u00e1,<\/p><p>Bassguitar \u2013 Adam Pavlovi\u010d<\/p><p>Recording \u2013 Tibor Seidl<\/p>\t\t\t\t\t\t\t\t<\/div>\n\t\t\t\t<\/div>\n\t\t\t\t<div class=\"elementor-element elementor-element-d0bcc6a elementor-widget elementor-widget-wp-widget-media_audio\" data-id=\"d0bcc6a\" data-element_type=\"widget\" data-widget_type=\"wp-widget-media_audio.default\">\n\t\t\t\t<div class=\"elementor-widget-container\">\n\t\t\t\t\t<!--[if lt IE 9]><script>document.createElement('audio');<\/script><![endif]-->\n<audio class=\"wp-audio-shortcode\" id=\"audio-2-1\" preload=\"none\" style=\"width: 100%;\" controls=\"controls\"><source type=\"audio\/mpeg\" src=\"https:\/\/createchange.connectus.sk\/wp-content\/uploads\/2025\/05\/Create-Change-Do-we-listen.mp3?_=1\" \/><source type=\"audio\/mpeg\" src=\"https:\/\/createchange.connectus.sk\/wp-content\/uploads\/2025\/05\/Create-Change-Do-we-listen.mp3?_=1\" \/><a href=\"https:\/\/createchange.connectus.sk\/wp-content\/uploads\/2025\/05\/Create-Change-Do-we-listen.mp3\">https:\/\/createchange.connectus.sk\/wp-content\/uploads\/2025\/05\/Create-Change-Do-we-listen.mp3<\/a><\/audio>\t\t\t\t<\/div>\n\t\t\t\t<\/div>\n\t\t\t\t<\/div>\n\t\t<div class=\"elementor-element elementor-element-03ca5d0 e-con-full e-flex e-con e-child\" data-id=\"03ca5d0\" data-element_type=\"container\">\n\t\t\t\t<\/div>\n\t\t\t\t\t<\/div>\n\t\t\t\t<\/div>\n\t\t\t\t<\/div>\n\t\t","protected":false},"excerpt":{"rendered":"<p>Our songs \ud83c\udfa7 JUST TRY IT Lyrics You were just a thiefMaking up some words for me,acting to believe what you don\u2019tBeen tied up to watch you bleedIf we just try it nowThere might be a way outThis planet\u2019s rejectedNo way to waste our livingBathtub full of tearsHope it won\u2019t last yearsEverything we\u2019ve been throughDon\u2019t [&hellip;]<\/p>\n","protected":false},"author":1,"featured_media":501,"parent":0,"menu_order":6,"comment_status":"closed","ping_status":"closed","template":"elementor_header_footer","meta":{"footnotes":""},"class_list":["post-2","page","type-page","status-publish","has-post-thumbnail","hentry"],"yoast_head":"<!-- This site is optimized with the Yoast SEO plugin v27.4 - https:\/\/yoast.com\/product\/yoast-seo-wordpress\/ -->\n<title>Our songs - Create Change Project<\/title>\n<meta name=\"robots\" content=\"index, follow, max-snippet:-1, max-image-preview:large, max-video-preview:-1\" \/>\n<link rel=\"canonical\" href=\"https:\/\/createchange.connectus.sk\/en\/our-songs\/\" \/>\n<meta property=\"og:locale\" content=\"en_US\" \/>\n<meta property=\"og:type\" content=\"article\" \/>\n<meta property=\"og:title\" content=\"Our songs - Create Change Project\" \/>\n<meta property=\"og:description\" content=\"Our songs \ud83c\udfa7 JUST TRY IT Lyrics You were just a thiefMaking up some words for me,acting to believe what you don\u2019tBeen tied up to watch you bleedIf we just try it nowThere might be a way outThis planet\u2019s rejectedNo way to waste our livingBathtub full of tearsHope it won\u2019t last yearsEverything we\u2019ve been throughDon\u2019t [&hellip;]\" \/>\n<meta property=\"og:url\" content=\"https:\/\/createchange.connectus.sk\/en\/our-songs\/\" \/>\n<meta property=\"og:site_name\" content=\"Create Change Project\" \/>\n<meta property=\"article:modified_time\" content=\"2025-05-02T11:32:45+00:00\" \/>\n<meta property=\"og:image\" content=\"https:\/\/createchange.connectus.sk\/wp-content\/uploads\/2024\/12\/berlin_nov24-5.jpeg\" \/>\n\t<meta property=\"og:image:width\" content=\"1280\" \/>\n\t<meta property=\"og:image:height\" content=\"960\" \/>\n\t<meta property=\"og:image:type\" content=\"image\/jpeg\" \/>\n<meta name=\"twitter:card\" content=\"summary_large_image\" \/>\n<meta name=\"twitter:label1\" content=\"Est. reading time\" \/>\n\t<meta name=\"twitter:data1\" content=\"4 minutes\" \/>\n<script type=\"application\/ld+json\" class=\"yoast-schema-graph\">{\"@context\":\"https:\\\/\\\/schema.org\",\"@graph\":[{\"@type\":\"WebPage\",\"@id\":\"https:\\\/\\\/createchange.connectus.sk\\\/our-songs\\\/\",\"url\":\"https:\\\/\\\/createchange.connectus.sk\\\/our-songs\\\/\",\"name\":\"Our songs - Create Change Project\",\"isPartOf\":{\"@id\":\"https:\\\/\\\/createchange.connectus.sk\\\/#website\"},\"primaryImageOfPage\":{\"@id\":\"https:\\\/\\\/createchange.connectus.sk\\\/our-songs\\\/#primaryimage\"},\"image\":{\"@id\":\"https:\\\/\\\/createchange.connectus.sk\\\/our-songs\\\/#primaryimage\"},\"thumbnailUrl\":\"https:\\\/\\\/createchange.connectus.sk\\\/wp-content\\\/uploads\\\/2024\\\/12\\\/berlin_nov24-5.jpeg\",\"datePublished\":\"2024-09-18T09:31:03+00:00\",\"dateModified\":\"2025-05-02T11:32:45+00:00\",\"breadcrumb\":{\"@id\":\"https:\\\/\\\/createchange.connectus.sk\\\/our-songs\\\/#breadcrumb\"},\"inLanguage\":\"en-US\",\"potentialAction\":[{\"@type\":\"ReadAction\",\"target\":[\"https:\\\/\\\/createchange.connectus.sk\\\/our-songs\\\/\"]}]},{\"@type\":\"ImageObject\",\"inLanguage\":\"en-US\",\"@id\":\"https:\\\/\\\/createchange.connectus.sk\\\/our-songs\\\/#primaryimage\",\"url\":\"https:\\\/\\\/createchange.connectus.sk\\\/wp-content\\\/uploads\\\/2024\\\/12\\\/berlin_nov24-5.jpeg\",\"contentUrl\":\"https:\\\/\\\/createchange.connectus.sk\\\/wp-content\\\/uploads\\\/2024\\\/12\\\/berlin_nov24-5.jpeg\",\"width\":1280,\"height\":960},{\"@type\":\"BreadcrumbList\",\"@id\":\"https:\\\/\\\/createchange.connectus.sk\\\/our-songs\\\/#breadcrumb\",\"itemListElement\":[{\"@type\":\"ListItem\",\"position\":1,\"name\":\"Home\",\"item\":\"https:\\\/\\\/createchange.connectus.sk\\\/\"},{\"@type\":\"ListItem\",\"position\":2,\"name\":\"Our songs\"}]},{\"@type\":\"WebSite\",\"@id\":\"https:\\\/\\\/createchange.connectus.sk\\\/#website\",\"url\":\"https:\\\/\\\/createchange.connectus.sk\\\/\",\"name\":\"Create Change Project\",\"description\":\"\",\"potentialAction\":[{\"@type\":\"SearchAction\",\"target\":{\"@type\":\"EntryPoint\",\"urlTemplate\":\"https:\\\/\\\/createchange.connectus.sk\\\/?s={search_term_string}\"},\"query-input\":{\"@type\":\"PropertyValueSpecification\",\"valueRequired\":true,\"valueName\":\"search_term_string\"}}],\"inLanguage\":\"en-US\"}]}<\/script>\n<!-- \/ Yoast SEO plugin. -->","yoast_head_json":{"title":"Our songs - Create Change Project","robots":{"index":"index","follow":"follow","max-snippet":"max-snippet:-1","max-image-preview":"max-image-preview:large","max-video-preview":"max-video-preview:-1"},"canonical":"https:\/\/createchange.connectus.sk\/en\/our-songs\/","og_locale":"en_US","og_type":"article","og_title":"Our songs - Create Change Project","og_description":"Our songs \ud83c\udfa7 JUST TRY IT Lyrics You were just a thiefMaking up some words for me,acting to believe what you don\u2019tBeen tied up to watch you bleedIf we just try it nowThere might be a way outThis planet\u2019s rejectedNo way to waste our livingBathtub full of tearsHope it won\u2019t last yearsEverything we\u2019ve been throughDon\u2019t [&hellip;]","og_url":"https:\/\/createchange.connectus.sk\/en\/our-songs\/","og_site_name":"Create Change Project","article_modified_time":"2025-05-02T11:32:45+00:00","og_image":[{"width":1280,"height":960,"url":"https:\/\/createchange.connectus.sk\/wp-content\/uploads\/2024\/12\/berlin_nov24-5.jpeg","type":"image\/jpeg"}],"twitter_card":"summary_large_image","twitter_misc":{"Est. reading time":"4 minutes"},"schema":{"@context":"https:\/\/schema.org","@graph":[{"@type":"WebPage","@id":"https:\/\/createchange.connectus.sk\/our-songs\/","url":"https:\/\/createchange.connectus.sk\/our-songs\/","name":"Our songs - Create Change Project","isPartOf":{"@id":"https:\/\/createchange.connectus.sk\/#website"},"primaryImageOfPage":{"@id":"https:\/\/createchange.connectus.sk\/our-songs\/#primaryimage"},"image":{"@id":"https:\/\/createchange.connectus.sk\/our-songs\/#primaryimage"},"thumbnailUrl":"https:\/\/createchange.connectus.sk\/wp-content\/uploads\/2024\/12\/berlin_nov24-5.jpeg","datePublished":"2024-09-18T09:31:03+00:00","dateModified":"2025-05-02T11:32:45+00:00","breadcrumb":{"@id":"https:\/\/createchange.connectus.sk\/our-songs\/#breadcrumb"},"inLanguage":"en-US","potentialAction":[{"@type":"ReadAction","target":["https:\/\/createchange.connectus.sk\/our-songs\/"]}]},{"@type":"ImageObject","inLanguage":"en-US","@id":"https:\/\/createchange.connectus.sk\/our-songs\/#primaryimage","url":"https:\/\/createchange.connectus.sk\/wp-content\/uploads\/2024\/12\/berlin_nov24-5.jpeg","contentUrl":"https:\/\/createchange.connectus.sk\/wp-content\/uploads\/2024\/12\/berlin_nov24-5.jpeg","width":1280,"height":960},{"@type":"BreadcrumbList","@id":"https:\/\/createchange.connectus.sk\/our-songs\/#breadcrumb","itemListElement":[{"@type":"ListItem","position":1,"name":"Home","item":"https:\/\/createchange.connectus.sk\/"},{"@type":"ListItem","position":2,"name":"Our songs"}]},{"@type":"WebSite","@id":"https:\/\/createchange.connectus.sk\/#website","url":"https:\/\/createchange.connectus.sk\/","name":"Create Change Project","description":"","potentialAction":[{"@type":"SearchAction","target":{"@type":"EntryPoint","urlTemplate":"https:\/\/createchange.connectus.sk\/?s={search_term_string}"},"query-input":{"@type":"PropertyValueSpecification","valueRequired":true,"valueName":"search_term_string"}}],"inLanguage":"en-US"}]}},"_links":{"self":[{"href":"https:\/\/createchange.connectus.sk\/en\/wp-json\/wp\/v2\/pages\/2","targetHints":{"allow":["GET"]}}],"collection":[{"href":"https:\/\/createchange.connectus.sk\/en\/wp-json\/wp\/v2\/pages"}],"about":[{"href":"https:\/\/createchange.connectus.sk\/en\/wp-json\/wp\/v2\/types\/page"}],"author":[{"embeddable":true,"href":"https:\/\/createchange.connectus.sk\/en\/wp-json\/wp\/v2\/users\/1"}],"replies":[{"embeddable":true,"href":"https:\/\/createchange.connectus.sk\/en\/wp-json\/wp\/v2\/comments?post=2"}],"version-history":[{"count":6,"href":"https:\/\/createchange.connectus.sk\/en\/wp-json\/wp\/v2\/pages\/2\/revisions"}],"predecessor-version":[{"id":769,"href":"https:\/\/createchange.connectus.sk\/en\/wp-json\/wp\/v2\/pages\/2\/revisions\/769"}],"wp:featuredmedia":[{"embeddable":true,"href":"https:\/\/createchange.connectus.sk\/en\/wp-json\/wp\/v2\/media\/501"}],"wp:attachment":[{"href":"https:\/\/createchange.connectus.sk\/en\/wp-json\/wp\/v2\/media?parent=2"}],"curies":[{"name":"wp","href":"https:\/\/api.w.org\/{rel}","templated":true}]}}